{"id":99491,"date":"2024-06-23T07:29:03","date_gmt":"2024-06-23T07:29:03","guid":{"rendered":"https:\/\/gomostaging.com\/trece\/product\/haltagning-lock\/"},"modified":"2024-09-13T12:56:31","modified_gmt":"2024-09-13T12:56:31","slug":"inlet-and-lid-combiline","status":"publish","type":"product","link":"https:\/\/www.trece.se.webadmin7.net\/en\/product\/inlet-and-lid-combiline\/","title":{"rendered":"Inlet and lid, CombiLine"},"content":{"rendered":"","protected":false},"excerpt":{"rendered":"<p>CombiLine | Inlets and lids for easy recycling<\/p>\n","protected":false},"featured_media":101706,"template":"","meta":{"_acf_changed":false},"product_cat":[68,70],"product_tag":[],"class_list":{"0":"post-99491","1":"product","2":"type-product","3":"status-publish","4":"has-post-thumbnail","6":"product_cat-storage","7":"product_cat-accessories","9":"first","10":"instock","11":"shipping-taxable","12":"product-type-simple"},"acf":[],"yoast_head":"<!-- This site is optimized with the Yoast SEO plugin v23.4 - https:\/\/yoast.com\/wordpress\/plugins\/seo\/ -->\n<title>Inlet and lid, CombiLine - TreCe<\/title>\n<meta name=\"robots\" content=\"noindex, follow, max-snippet:-1, max-image-preview:large, max-video-preview:-1\" \/>\n<meta property=\"og:locale\" content=\"en_US\" \/>\n<meta property=\"og:type\" content=\"article\" \/>\n<meta property=\"og:title\" content=\"Inlet and lid, CombiLine - TreCe\" \/>\n<meta property=\"og:description\" content=\"CombiLine | Inlets and lids for easy recycling\" \/>\n<meta property=\"og:url\" content=\"https:\/\/www.trece.se.webadmin7.net\/en\/product\/inlet-and-lid-combiline\/\" \/>\n<meta property=\"og:site_name\" content=\"TreCe\" \/>\n<meta property=\"article:modified_time\" content=\"2024-09-13T12:56:31+00:00\" \/>\n<meta property=\"og:image\" content=\"https:\/\/www.trece.se.webadmin7.net\/wp-content\/uploads\/2024\/06\/CombiLine-haltagning-och-lock.webp\" \/>\n\t<meta property=\"og:image:width\" content=\"1200\" \/>\n\t<meta property=\"og:image:height\" content=\"800\" \/>\n\t<meta property=\"og:image:type\" content=\"image\/webp\" \/>\n<meta name=\"twitter:card\" content=\"summary_large_image\" \/>\n<script type=\"application\/ld+json\" class=\"yoast-schema-graph\">{\"@context\":\"https:\/\/schema.org\",\"@graph\":[{\"@type\":\"WebPage\",\"@id\":\"https:\/\/www.trece.se.webadmin7.net\/en\/product\/inlet-and-lid-combiline\/\",\"url\":\"https:\/\/www.trece.se.webadmin7.net\/en\/product\/inlet-and-lid-combiline\/\",\"name\":\"Inlet and lid, CombiLine - TreCe\",\"isPartOf\":{\"@id\":\"https:\/\/www.trece.se.webadmin7.net\/en\/#website\"},\"primaryImageOfPage\":{\"@id\":\"https:\/\/www.trece.se.webadmin7.net\/en\/product\/inlet-and-lid-combiline\/#primaryimage\"},\"image\":{\"@id\":\"https:\/\/www.trece.se.webadmin7.net\/en\/product\/inlet-and-lid-combiline\/#primaryimage\"},\"thumbnailUrl\":\"https:\/\/www.trece.se.webadmin7.net\/wp-content\/uploads\/2024\/06\/CombiLine-haltagning-och-lock.webp\",\"datePublished\":\"2024-06-23T07:29:03+00:00\",\"dateModified\":\"2024-09-13T12:56:31+00:00\",\"breadcrumb\":{\"@id\":\"https:\/\/www.trece.se.webadmin7.net\/en\/product\/inlet-and-lid-combiline\/#breadcrumb\"},\"inLanguage\":\"en-US\",\"potentialAction\":[{\"@type\":\"ReadAction\",\"target\":[\"https:\/\/www.trece.se.webadmin7.net\/en\/product\/inlet-and-lid-combiline\/\"]}]},{\"@type\":\"ImageObject\",\"inLanguage\":\"en-US\",\"@id\":\"https:\/\/www.trece.se.webadmin7.net\/en\/product\/inlet-and-lid-combiline\/#primaryimage\",\"url\":\"https:\/\/www.trece.se.webadmin7.net\/wp-content\/uploads\/2024\/06\/CombiLine-haltagning-och-lock.webp\",\"contentUrl\":\"https:\/\/www.trece.se.webadmin7.net\/wp-content\/uploads\/2024\/06\/CombiLine-haltagning-och-lock.webp\",\"width\":1200,\"height\":800,\"caption\":\"CombiLine h\u00e5ltagning och lock\"},{\"@type\":\"BreadcrumbList\",\"@id\":\"https:\/\/www.trece.se.webadmin7.net\/en\/product\/inlet-and-lid-combiline\/#breadcrumb\",\"itemListElement\":[{\"@type\":\"ListItem\",\"position\":1,\"name\":\"Home\",\"item\":\"https:\/\/www.trece.se.webadmin7.net\/en\/\"},{\"@type\":\"ListItem\",\"position\":2,\"name\":\"Products\",\"item\":\"https:\/\/www.trece.se.webadmin7.net\/en\/shop\/\"},{\"@type\":\"ListItem\",\"position\":3,\"name\":\"Inlet and lid, CombiLine\"}]},{\"@type\":\"WebSite\",\"@id\":\"https:\/\/www.trece.se.webadmin7.net\/en\/#website\",\"url\":\"https:\/\/www.trece.se.webadmin7.net\/en\/\",\"name\":\"TreCe\",\"description\":\"F\u00f6rvaringsl\u00f6sningar f\u00f6r f\u00f6retag &amp; organisationer\",\"potentialAction\":[{\"@type\":\"SearchAction\",\"target\":{\"@type\":\"EntryPoint\",\"urlTemplate\":\"https:\/\/www.trece.se.webadmin7.net\/en\/?s={search_term_string}\"},\"query-input\":{\"@type\":\"PropertyValueSpecification\",\"valueRequired\":true,\"valueName\":\"search_term_string\"}}],\"inLanguage\":\"en-US\"}]}<\/script>\n<!-- \/ Yoast SEO plugin. -->","yoast_head_json":{"title":"Inlet and lid, CombiLine - TreCe","robots":{"index":"noindex","follow":"follow","max-snippet":"max-snippet:-1","max-image-preview":"max-image-preview:large","max-video-preview":"max-video-preview:-1"},"og_locale":"en_US","og_type":"article","og_title":"Inlet and lid, CombiLine - TreCe","og_description":"CombiLine | Inlets and lids for easy recycling","og_url":"https:\/\/www.trece.se.webadmin7.net\/en\/product\/inlet-and-lid-combiline\/","og_site_name":"TreCe","article_modified_time":"2024-09-13T12:56:31+00:00","og_image":[{"width":1200,"height":800,"url":"https:\/\/www.trece.se.webadmin7.net\/wp-content\/uploads\/2024\/06\/CombiLine-haltagning-och-lock.webp","type":"image\/webp"}],"twitter_card":"summary_large_image","schema":{"@context":"https:\/\/schema.org","@graph":[{"@type":"WebPage","@id":"https:\/\/www.trece.se.webadmin7.net\/en\/product\/inlet-and-lid-combiline\/","url":"https:\/\/www.trece.se.webadmin7.net\/en\/product\/inlet-and-lid-combiline\/","name":"Inlet and lid, CombiLine - TreCe","isPartOf":{"@id":"https:\/\/www.trece.se.webadmin7.net\/en\/#website"},"primaryImageOfPage":{"@id":"https:\/\/www.trece.se.webadmin7.net\/en\/product\/inlet-and-lid-combiline\/#primaryimage"},"image":{"@id":"https:\/\/www.trece.se.webadmin7.net\/en\/product\/inlet-and-lid-combiline\/#primaryimage"},"thumbnailUrl":"https:\/\/www.trece.se.webadmin7.net\/wp-content\/uploads\/2024\/06\/CombiLine-haltagning-och-lock.webp","datePublished":"2024-06-23T07:29:03+00:00","dateModified":"2024-09-13T12:56:31+00:00","breadcrumb":{"@id":"https:\/\/www.trece.se.webadmin7.net\/en\/product\/inlet-and-lid-combiline\/#breadcrumb"},"inLanguage":"en-US","potentialAction":[{"@type":"ReadAction","target":["https:\/\/www.trece.se.webadmin7.net\/en\/product\/inlet-and-lid-combiline\/"]}]},{"@type":"ImageObject","inLanguage":"en-US","@id":"https:\/\/www.trece.se.webadmin7.net\/en\/product\/inlet-and-lid-combiline\/#primaryimage","url":"https:\/\/www.trece.se.webadmin7.net\/wp-content\/uploads\/2024\/06\/CombiLine-haltagning-och-lock.webp","contentUrl":"https:\/\/www.trece.se.webadmin7.net\/wp-content\/uploads\/2024\/06\/CombiLine-haltagning-och-lock.webp","width":1200,"height":800,"caption":"CombiLine h\u00e5ltagning och lock"},{"@type":"BreadcrumbList","@id":"https:\/\/www.trece.se.webadmin7.net\/en\/product\/inlet-and-lid-combiline\/#breadcrumb","itemListElement":[{"@type":"ListItem","position":1,"name":"Home","item":"https:\/\/www.trece.se.webadmin7.net\/en\/"},{"@type":"ListItem","position":2,"name":"Products","item":"https:\/\/www.trece.se.webadmin7.net\/en\/shop\/"},{"@type":"ListItem","position":3,"name":"Inlet and lid, CombiLine"}]},{"@type":"WebSite","@id":"https:\/\/www.trece.se.webadmin7.net\/en\/#website","url":"https:\/\/www.trece.se.webadmin7.net\/en\/","name":"TreCe","description":"F\u00f6rvaringsl\u00f6sningar f\u00f6r f\u00f6retag &amp; organisationer","potentialAction":[{"@type":"SearchAction","target":{"@type":"EntryPoint","urlTemplate":"https:\/\/www.trece.se.webadmin7.net\/en\/?s={search_term_string}"},"query-input":{"@type":"PropertyValueSpecification","valueRequired":true,"valueName":"search_term_string"}}],"inLanguage":"en-US"}]}},"_links":{"self":[{"href":"https:\/\/www.trece.se.webadmin7.net\/en\/wp-json\/wp\/v2\/product\/99491","targetHints":{"allow":["GET"]}}],"collection":[{"href":"https:\/\/www.trece.se.webadmin7.net\/en\/wp-json\/wp\/v2\/product"}],"about":[{"href":"https:\/\/www.trece.se.webadmin7.net\/en\/wp-json\/wp\/v2\/types\/product"}],"wp:featuredmedia":[{"embeddable":true,"href":"https:\/\/www.trece.se.webadmin7.net\/en\/wp-json\/wp\/v2\/media\/101706"}],"wp:attachment":[{"href":"https:\/\/www.trece.se.webadmin7.net\/en\/wp-json\/wp\/v2\/media?parent=99491"}],"wp:term":[{"taxonomy":"product_cat","embeddable":true,"href":"https:\/\/www.trece.se.webadmin7.net\/en\/wp-json\/wp\/v2\/product_cat?post=99491"},{"taxonomy":"product_tag","embeddable":true,"href":"https:\/\/www.trece.se.webadmin7.net\/en\/wp-json\/wp\/v2\/product_tag?post=99491"}],"curies":[{"name":"wp","href":"https:\/\/api.w.org\/{rel}","templated":true}]}}