{"id":97193,"date":"2024-06-10T13:47:30","date_gmt":"2024-06-10T13:47:30","guid":{"rendered":"https:\/\/gomostaging.com\/trece\/projects\/"},"modified":"2024-06-16T01:38:55","modified_gmt":"2024-06-16T01:38:55","slug":"projects","status":"publish","type":"page","link":"https:\/\/www.trece.se.webadmin7.net\/en\/projects\/","title":{"rendered":"Reference Projects"},"content":{"rendered":"","protected":false},"excerpt":{"rendered":"<p>For almost 50 years, TreCe has delivered to different types of offices and public environments. We often say that the environment and sustainability as part of our DNA. Quality is just as important to us. We do not fold an inch on any of these parts. Our customers have discovered this and choose us to a large extent when choosing storage solutions and recycling products.<\/p>\n","protected":false},"author":2,"featured_media":0,"parent":0,"menu_order":0,"comment_status":"closed","ping_status":"closed","template":"template-projects.php","meta":{"_acf_changed":false,"footnotes":""},"class_list":["post-97193","page","type-page","status-publish","hentry"],"acf":[],"yoast_head":"<!-- This site is optimized with the Yoast SEO plugin v23.4 - https:\/\/yoast.com\/wordpress\/plugins\/seo\/ -->\n<title>Reference Projects - TreCe<\/title>\n<meta name=\"robots\" content=\"noindex, follow, max-snippet:-1, max-image-preview:large, max-video-preview:-1\" \/>\n<meta property=\"og:locale\" content=\"en_US\" \/>\n<meta property=\"og:type\" content=\"article\" \/>\n<meta property=\"og:title\" content=\"Reference Projects - TreCe\" \/>\n<meta property=\"og:description\" content=\"For almost 50 years, TreCe has delivered to different types of offices and public environments. We often say that the environment and sustainability as part of our DNA. Quality is just as important to us. We do not fold an inch on any of these parts. Our customers have discovered this and choose us to a large extent when choosing storage solutions and recycling products.\" \/>\n<meta property=\"og:url\" content=\"https:\/\/www.trece.se.webadmin7.net\/en\/projects\/\" \/>\n<meta property=\"og:site_name\" content=\"TreCe\" \/>\n<meta property=\"article:modified_time\" content=\"2024-06-16T01:38:55+00:00\" \/>\n<meta name=\"twitter:card\" content=\"summary_large_image\" \/>\n<script type=\"application\/ld+json\" class=\"yoast-schema-graph\">{\"@context\":\"https:\/\/schema.org\",\"@graph\":[{\"@type\":\"WebPage\",\"@id\":\"https:\/\/www.trece.se.webadmin7.net\/en\/projects\/\",\"url\":\"https:\/\/www.trece.se.webadmin7.net\/en\/projects\/\",\"name\":\"Reference Projects - TreCe\",\"isPartOf\":{\"@id\":\"https:\/\/www.trece.se.webadmin7.net\/en\/#website\"},\"datePublished\":\"2024-06-10T13:47:30+00:00\",\"dateModified\":\"2024-06-16T01:38:55+00:00\",\"breadcrumb\":{\"@id\":\"https:\/\/www.trece.se.webadmin7.net\/en\/projects\/#breadcrumb\"},\"inLanguage\":\"en-US\",\"potentialAction\":[{\"@type\":\"ReadAction\",\"target\":[\"https:\/\/www.trece.se.webadmin7.net\/en\/projects\/\"]}]},{\"@type\":\"BreadcrumbList\",\"@id\":\"https:\/\/www.trece.se.webadmin7.net\/en\/projects\/#breadcrumb\",\"itemListElement\":[{\"@type\":\"ListItem\",\"position\":1,\"name\":\"Home\",\"item\":\"https:\/\/www.trece.se.webadmin7.net\/en\/\"},{\"@type\":\"ListItem\",\"position\":2,\"name\":\"Reference Projects\"}]},{\"@type\":\"WebSite\",\"@id\":\"https:\/\/www.trece.se.webadmin7.net\/en\/#website\",\"url\":\"https:\/\/www.trece.se.webadmin7.net\/en\/\",\"name\":\"TreCe\",\"description\":\"F\u00f6rvaringsl\u00f6sningar f\u00f6r f\u00f6retag &amp; organisationer\",\"potentialAction\":[{\"@type\":\"SearchAction\",\"target\":{\"@type\":\"EntryPoint\",\"urlTemplate\":\"https:\/\/www.trece.se.webadmin7.net\/en\/?s={search_term_string}\"},\"query-input\":{\"@type\":\"PropertyValueSpecification\",\"valueRequired\":true,\"valueName\":\"search_term_string\"}}],\"inLanguage\":\"en-US\"}]}<\/script>\n<!-- \/ Yoast SEO plugin. -->","yoast_head_json":{"title":"Reference Projects - TreCe","robots":{"index":"noindex","follow":"follow","max-snippet":"max-snippet:-1","max-image-preview":"max-image-preview:large","max-video-preview":"max-video-preview:-1"},"og_locale":"en_US","og_type":"article","og_title":"Reference Projects - TreCe","og_description":"For almost 50 years, TreCe has delivered to different types of offices and public environments. We often say that the environment and sustainability as part of our DNA. Quality is just as important to us. We do not fold an inch on any of these parts. Our customers have discovered this and choose us to a large extent when choosing storage solutions and recycling products.","og_url":"https:\/\/www.trece.se.webadmin7.net\/en\/projects\/","og_site_name":"TreCe","article_modified_time":"2024-06-16T01:38:55+00:00","twitter_card":"summary_large_image","schema":{"@context":"https:\/\/schema.org","@graph":[{"@type":"WebPage","@id":"https:\/\/www.trece.se.webadmin7.net\/en\/projects\/","url":"https:\/\/www.trece.se.webadmin7.net\/en\/projects\/","name":"Reference Projects - TreCe","isPartOf":{"@id":"https:\/\/www.trece.se.webadmin7.net\/en\/#website"},"datePublished":"2024-06-10T13:47:30+00:00","dateModified":"2024-06-16T01:38:55+00:00","breadcrumb":{"@id":"https:\/\/www.trece.se.webadmin7.net\/en\/projects\/#breadcrumb"},"inLanguage":"en-US","potentialAction":[{"@type":"ReadAction","target":["https:\/\/www.trece.se.webadmin7.net\/en\/projects\/"]}]},{"@type":"BreadcrumbList","@id":"https:\/\/www.trece.se.webadmin7.net\/en\/projects\/#breadcrumb","itemListElement":[{"@type":"ListItem","position":1,"name":"Home","item":"https:\/\/www.trece.se.webadmin7.net\/en\/"},{"@type":"ListItem","position":2,"name":"Reference Projects"}]},{"@type":"WebSite","@id":"https:\/\/www.trece.se.webadmin7.net\/en\/#website","url":"https:\/\/www.trece.se.webadmin7.net\/en\/","name":"TreCe","description":"F\u00f6rvaringsl\u00f6sningar f\u00f6r f\u00f6retag &amp; organisationer","potentialAction":[{"@type":"SearchAction","target":{"@type":"EntryPoint","urlTemplate":"https:\/\/www.trece.se.webadmin7.net\/en\/?s={search_term_string}"},"query-input":{"@type":"PropertyValueSpecification","valueRequired":true,"valueName":"search_term_string"}}],"inLanguage":"en-US"}]}},"_links":{"self":[{"href":"https:\/\/www.trece.se.webadmin7.net\/en\/wp-json\/wp\/v2\/pages\/97193","targetHints":{"allow":["GET"]}}],"collection":[{"href":"https:\/\/www.trece.se.webadmin7.net\/en\/wp-json\/wp\/v2\/pages"}],"about":[{"href":"https:\/\/www.trece.se.webadmin7.net\/en\/wp-json\/wp\/v2\/types\/page"}],"author":[{"embeddable":true,"href":"https:\/\/www.trece.se.webadmin7.net\/en\/wp-json\/wp\/v2\/users\/2"}],"replies":[{"embeddable":true,"href":"https:\/\/www.trece.se.webadmin7.net\/en\/wp-json\/wp\/v2\/comments?post=97193"}],"version-history":[{"count":0,"href":"https:\/\/www.trece.se.webadmin7.net\/en\/wp-json\/wp\/v2\/pages\/97193\/revisions"}],"wp:attachment":[{"href":"https:\/\/www.trece.se.webadmin7.net\/en\/wp-json\/wp\/v2\/media?parent=97193"}],"curies":[{"name":"wp","href":"https:\/\/api.w.org\/{rel}","templated":true}]}}