{"id":97166,"date":"2024-05-31T10:31:30","date_gmt":"2024-05-31T10:31:30","guid":{"rendered":"https:\/\/gomostaging.com\/trece\/presskit\/"},"modified":"2024-07-17T01:46:05","modified_gmt":"2024-07-17T01:46:05","slug":"presskit","status":"publish","type":"page","link":"https:\/\/www.trece.se.webadmin7.net\/en\/presskit\/","title":{"rendered":"Press kit"},"content":{"rendered":"\n<style type=\"text\/css\" data-created_by=\"avia_inline_auto\" id=\"style-css-av-lwkcwg23-f2cca842a6ce3c69ac7757a7f67fb063\">\n.avia-section.av-lwkcwg23-f2cca842a6ce3c69ac7757a7f67fb063{\nbackground-repeat:no-repeat;\nbackground-image:url(https:\/\/www.trece.se.webadmin7.net\/wp-content\/uploads\/2024\/04\/banner-1.webp);\nbackground-position:50% 50%;\nbackground-attachment:scroll;\n}\n<\/style>\n<div id='av_section_1'  class='avia-section av-lwkcwg23-f2cca842a6ce3c69ac7757a7f67fb063 main_color avia-section-default avia-no-border-styling  avia-builder-el-0  el_before_av_section  avia-builder-el-first  banner home-banner avia-full-stretch avia-bg-style-scroll av-minimum-height av-minimum-height-75 av-height-75  container_wrap fullsize'  data-section-bg-repeat='stretch' data-av_minimum_height_pc='75' data-av_min_height_opt='75'><div class='container av-section-cont-open' ><main  role=\"main\" itemprop=\"mainContentOfPage\"  class='template-page content  av-content-full alpha units'><div class='post-entry post-entry-type-page post-entry-97166'><div class='entry-content-wrapper clearfix'>\n<div class='flex_column_table av-124575-b20cdf18c242a23b8b4201712f7cf017 sc-av_two_third av-equal-height-column-flextable'><div  class='flex_column av-124575-b20cdf18c242a23b8b4201712f7cf017 av_two_third  avia-builder-el-1  el_before_av_one_third  avia-builder-el-first  first flex_column_table_cell av-equal-height-column av-align-middle  '     ><style type=\"text\/css\" data-created_by=\"avia_inline_auto\" id=\"style-css-av-lwkcvlyj-25b876c12c6dca419cf0ef317cffc434\">\nbody .av-special-heading.av-lwkcvlyj-25b876c12c6dca419cf0ef317cffc434 .av-special-heading-tag .heading-char{\nfont-size:25px;\n}\n.av-special-heading.av-lwkcvlyj-25b876c12c6dca419cf0ef317cffc434 .av-subheading{\nfont-size:15px;\n}\n<\/style>\n<div  class='av-special-heading av-lwkcvlyj-25b876c12c6dca419cf0ef317cffc434 av-special-heading-h1 blockquote modern-quote  avia-builder-el-2  avia-builder-el-no-sibling  white'><h1 class='av-special-heading-tag'  itemprop=\"headline\"  >Press kit 2023<\/h1><div class=\"special-heading-border\"><div class=\"special-heading-inner-border\"><\/div><\/div><\/div><\/div><div class='av-flex-placeholder'><\/div><div  class='flex_column av-z6xe1-fdf2b830ca5f87740bb6036c1a6ba34f av_one_third  avia-builder-el-3  el_after_av_two_third  avia-builder-el-last  flex_column_table_cell av-equal-height-column av-align-middle  '     ><\/div><\/div><!--close column table wrapper. Autoclose: 1 -->\n\n<\/div><\/div><\/main><!-- close content main element --><\/div><\/div><div id='av_section_2'  class='avia-section av-4r9d1m-91ac721cd4c9c60d976852c40212834a main_color avia-section-default avia-no-border-styling  avia-builder-el-4  el_after_av_section  el_before_av_section  avia-bg-style-scroll container_wrap fullsize'  ><div class='container av-section-cont-open' ><div class='template-page content  av-content-full alpha units'><div class='post-entry post-entry-type-page post-entry-97166'><div class='entry-content-wrapper clearfix'>\n<div  class='flex_column av-2xb6d6-e8dd4ceb580d0e5015f88408a6bc0e25 av_one_full  avia-builder-el-5  avia-builder-el-no-sibling  first flex_column_div  '     ><p><section  class='av_textblock_section av-lwsv9qe1-cd7161975b5e6a5e10f077aa185c75a5 '   itemscope=\"itemscope\" itemtype=\"https:\/\/schema.org\/CreativeWork\" ><div class='avia_textblock fs24'  itemprop=\"text\" ><p>Here you can download information about TreCe as well as images of our products.<\/p>\n<p>Are you looking for a special image? Contact us at <a href=\"mailto:info@trece.se\">info@trece.se<\/a>.<\/p>\n<\/div><\/section><br \/>\n<div  class='avia-button-wrap av-lwswt7kk-79edb8e402b847a5395b8c0ddbf994bd-wrap avia-button-left  avia-builder-el-7  el_after_av_textblock  avia-builder-el-last '><a href='https:\/\/www.trece.se.webadmin7.net\/wp-content\/uploads\/2024\/05\/Press_kit_2023_TreCe.zip' class='avia-button av-lwswt7kk-79edb8e402b847a5395b8c0ddbf994bd av-link-btn avia-icon_select-no avia-size-large avia-position-left avia-color-theme-color' target=\"_blank\" rel=\"noopener noreferrer\"><span class='avia_iconbox_title' >Download here<\/span><\/a><\/div><\/p><\/div>\n\n<\/div><\/div><\/div><!-- close content main div --><\/div><\/div>\n<style type=\"text\/css\" data-created_by=\"avia_inline_auto\" id=\"style-css-av-5r85p6-d969464b70ea4af052c6ac754a9bddf5\">\n.avia-section.av-5r85p6-d969464b70ea4af052c6ac754a9bddf5{\nbackground-repeat:no-repeat;\nbackground-image:url(https:\/\/www.trece.se.webadmin7.net\/wp-content\/uploads\/2024\/04\/banner-4.webp);\nbackground-position:50% 100%;\nbackground-attachment:scroll;\n}\n<\/style>\n<div id='av_section_3'  class='avia-section av-5r85p6-d969464b70ea4af052c6ac754a9bddf5 main_color avia-section-default avia-no-border-styling  avia-builder-el-8  el_after_av_section  avia-builder-el-last  home-center-text-img avia-full-stretch avia-bg-style-scroll container_wrap fullsize'  data-section-bg-repeat='stretch'><div class='container av-section-cont-open' ><div class='template-page content  av-content-full alpha units'><div class='post-entry post-entry-type-page post-entry-97166'><div class='entry-content-wrapper clearfix'>\n<div  class='flex_column av-3rwffe-b5fd14a5e23396535d12ff35d8172ceb av_one_full  avia-builder-el-9  el_before_av_hr  avia-builder-el-first  pl200 pr200 first flex_column_div  '     ><p>\n<style type=\"text\/css\" data-created_by=\"avia_inline_auto\" id=\"style-css-av-lwswsm84-e76e5aa0dced3cdd1dcbacc7f2889b7f\">\nbody .av-special-heading.av-lwswsm84-e76e5aa0dced3cdd1dcbacc7f2889b7f .av-special-heading-tag .heading-char{\nfont-size:25px;\n}\n.av-special-heading.av-lwswsm84-e76e5aa0dced3cdd1dcbacc7f2889b7f .av-subheading{\nfont-size:15px;\n}\n<\/style>\n<div  class='av-special-heading av-lwswsm84-e76e5aa0dced3cdd1dcbacc7f2889b7f av-special-heading-h4 blockquote modern-quote modern-centered  avia-builder-el-10  el_before_av_textblock  avia-builder-el-first '><h4 class='av-special-heading-tag'  itemprop=\"headline\"  >How do TreCe products help to fulfil the requirement?<\/h4><div class=\"special-heading-border\"><div class=\"special-heading-inner-border\"><\/div><\/div><\/div><br \/>\n\n<style type=\"text\/css\" data-created_by=\"avia_inline_auto\" id=\"style-css-av-lwswsw12-1b1bef5938a34a2f04193429d3b1c53d\">\n#top .av_textblock_section.av-lwswsw12-1b1bef5938a34a2f04193429d3b1c53d .avia_textblock{\ntext-align:center;\n}\n<\/style>\n<section  class='av_textblock_section av-lwswsw12-1b1bef5938a34a2f04193429d3b1c53d '   itemscope=\"itemscope\" itemtype=\"https:\/\/schema.org\/CreativeWork\" ><div class='avia_textblock'  itemprop=\"text\" ><p>Our recycling products combine functionality with style and are an excellent choice for offices and public spaces. Designed to be visible, they contribute to environmental awareness and thus encourage recycling. With clear symbols for easy sorting and a wide range of colours, they adapt well to different interior styles and environments. In addition, many products are available with lids, perfect for sorting bio-waste.<\/p>\n<\/div><\/section><br \/>\n<div  class='avia-button-wrap av-2dknss-8f44a07eaa7357f9dc699c4b5ab64315-wrap avia-button-center  avia-builder-el-12  el_after_av_textblock  avia-builder-el-last '><a href='https:\/\/www.trece.se.webadmin7.net\/en\/product-category\/recycling-units-and-waste-bins\/'  class='avia-button av-2dknss-8f44a07eaa7357f9dc699c4b5ab64315 av-link-btn avia-icon_select-no avia-size-large avia-position-center avia-color-theme-color'  ><span class='avia_iconbox_title' >See our Recycling units &amp; Waste bins<\/span><\/a><\/div><\/p><\/div>\n<style type=\"text\/css\" data-created_by=\"avia_inline_auto\" id=\"style-css-av-2cc2q2-cab296677fb4d8c44764fc0aca6595ec\">\n#top .hr.hr-invisible.av-2cc2q2-cab296677fb4d8c44764fc0aca6595ec{\nheight:450px;\n}\n<\/style>\n<div  class='hr av-2cc2q2-cab296677fb4d8c44764fc0aca6595ec hr-invisible  avia-builder-el-13  el_after_av_one_full  avia-builder-el-last '><span class='hr-inner '><span class=\"hr-inner-style\"><\/span><\/span><\/div>\n\n","protected":false},"excerpt":{"rendered":"","protected":false},"author":2,"featured_media":0,"parent":0,"menu_order":0,"comment_status":"closed","ping_status":"closed","template":"","meta":{"_acf_changed":false,"footnotes":""},"class_list":["post-97166","page","type-page","status-publish","hentry"],"acf":[],"yoast_head":"<!-- This site is optimized with the Yoast SEO plugin v23.4 - https:\/\/yoast.com\/wordpress\/plugins\/seo\/ -->\n<title>Press kit - TreCe<\/title>\n<meta name=\"robots\" content=\"noindex, follow, max-snippet:-1, max-image-preview:large, max-video-preview:-1\" \/>\n<meta property=\"og:locale\" content=\"en_US\" \/>\n<meta property=\"og:type\" content=\"article\" \/>\n<meta property=\"og:title\" content=\"Press kit - TreCe\" \/>\n<meta property=\"og:url\" content=\"https:\/\/www.trece.se.webadmin7.net\/en\/presskit\/\" \/>\n<meta property=\"og:site_name\" content=\"TreCe\" \/>\n<meta property=\"article:modified_time\" content=\"2024-07-17T01:46:05+00:00\" \/>\n<meta name=\"twitter:card\" content=\"summary_large_image\" \/>\n<meta name=\"twitter:label1\" content=\"Est. reading time\" \/>\n\t<meta name=\"twitter:data1\" content=\"21 minutes\" \/>\n<script type=\"application\/ld+json\" class=\"yoast-schema-graph\">{\"@context\":\"https:\/\/schema.org\",\"@graph\":[{\"@type\":\"WebPage\",\"@id\":\"https:\/\/www.trece.se.webadmin7.net\/en\/presskit\/\",\"url\":\"https:\/\/www.trece.se.webadmin7.net\/en\/presskit\/\",\"name\":\"Press kit - TreCe\",\"isPartOf\":{\"@id\":\"https:\/\/www.trece.se.webadmin7.net\/en\/#website\"},\"datePublished\":\"2024-05-31T10:31:30+00:00\",\"dateModified\":\"2024-07-17T01:46:05+00:00\",\"breadcrumb\":{\"@id\":\"https:\/\/www.trece.se.webadmin7.net\/en\/presskit\/#breadcrumb\"},\"inLanguage\":\"en-US\",\"potentialAction\":[{\"@type\":\"ReadAction\",\"target\":[\"https:\/\/www.trece.se.webadmin7.net\/en\/presskit\/\"]}]},{\"@type\":\"BreadcrumbList\",\"@id\":\"https:\/\/www.trece.se.webadmin7.net\/en\/presskit\/#breadcrumb\",\"itemListElement\":[{\"@type\":\"ListItem\",\"position\":1,\"name\":\"Home\",\"item\":\"https:\/\/www.trece.se.webadmin7.net\/en\/\"},{\"@type\":\"ListItem\",\"position\":2,\"name\":\"Press kit\"}]},{\"@type\":\"WebSite\",\"@id\":\"https:\/\/www.trece.se.webadmin7.net\/en\/#website\",\"url\":\"https:\/\/www.trece.se.webadmin7.net\/en\/\",\"name\":\"TreCe\",\"description\":\"F\u00f6rvaringsl\u00f6sningar f\u00f6r f\u00f6retag &amp; organisationer\",\"potentialAction\":[{\"@type\":\"SearchAction\",\"target\":{\"@type\":\"EntryPoint\",\"urlTemplate\":\"https:\/\/www.trece.se.webadmin7.net\/en\/?s={search_term_string}\"},\"query-input\":{\"@type\":\"PropertyValueSpecification\",\"valueRequired\":true,\"valueName\":\"search_term_string\"}}],\"inLanguage\":\"en-US\"}]}<\/script>\n<!-- \/ Yoast SEO plugin. -->","yoast_head_json":{"title":"Press kit - TreCe","robots":{"index":"noindex","follow":"follow","max-snippet":"max-snippet:-1","max-image-preview":"max-image-preview:large","max-video-preview":"max-video-preview:-1"},"og_locale":"en_US","og_type":"article","og_title":"Press kit - TreCe","og_url":"https:\/\/www.trece.se.webadmin7.net\/en\/presskit\/","og_site_name":"TreCe","article_modified_time":"2024-07-17T01:46:05+00:00","twitter_card":"summary_large_image","twitter_misc":{"Est. reading time":"21 minutes"},"schema":{"@context":"https:\/\/schema.org","@graph":[{"@type":"WebPage","@id":"https:\/\/www.trece.se.webadmin7.net\/en\/presskit\/","url":"https:\/\/www.trece.se.webadmin7.net\/en\/presskit\/","name":"Press kit - TreCe","isPartOf":{"@id":"https:\/\/www.trece.se.webadmin7.net\/en\/#website"},"datePublished":"2024-05-31T10:31:30+00:00","dateModified":"2024-07-17T01:46:05+00:00","breadcrumb":{"@id":"https:\/\/www.trece.se.webadmin7.net\/en\/presskit\/#breadcrumb"},"inLanguage":"en-US","potentialAction":[{"@type":"ReadAction","target":["https:\/\/www.trece.se.webadmin7.net\/en\/presskit\/"]}]},{"@type":"BreadcrumbList","@id":"https:\/\/www.trece.se.webadmin7.net\/en\/presskit\/#breadcrumb","itemListElement":[{"@type":"ListItem","position":1,"name":"Home","item":"https:\/\/www.trece.se.webadmin7.net\/en\/"},{"@type":"ListItem","position":2,"name":"Press kit"}]},{"@type":"WebSite","@id":"https:\/\/www.trece.se.webadmin7.net\/en\/#website","url":"https:\/\/www.trece.se.webadmin7.net\/en\/","name":"TreCe","description":"F\u00f6rvaringsl\u00f6sningar f\u00f6r f\u00f6retag &amp; organisationer","potentialAction":[{"@type":"SearchAction","target":{"@type":"EntryPoint","urlTemplate":"https:\/\/www.trece.se.webadmin7.net\/en\/?s={search_term_string}"},"query-input":{"@type":"PropertyValueSpecification","valueRequired":true,"valueName":"search_term_string"}}],"inLanguage":"en-US"}]}},"_links":{"self":[{"href":"https:\/\/www.trece.se.webadmin7.net\/en\/wp-json\/wp\/v2\/pages\/97166","targetHints":{"allow":["GET"]}}],"collection":[{"href":"https:\/\/www.trece.se.webadmin7.net\/en\/wp-json\/wp\/v2\/pages"}],"about":[{"href":"https:\/\/www.trece.se.webadmin7.net\/en\/wp-json\/wp\/v2\/types\/page"}],"author":[{"embeddable":true,"href":"https:\/\/www.trece.se.webadmin7.net\/en\/wp-json\/wp\/v2\/users\/2"}],"replies":[{"embeddable":true,"href":"https:\/\/www.trece.se.webadmin7.net\/en\/wp-json\/wp\/v2\/comments?post=97166"}],"version-history":[{"count":0,"href":"https:\/\/www.trece.se.webadmin7.net\/en\/wp-json\/wp\/v2\/pages\/97166\/revisions"}],"wp:attachment":[{"href":"https:\/\/www.trece.se.webadmin7.net\/en\/wp-json\/wp\/v2\/media?parent=97166"}],"curies":[{"name":"wp","href":"https:\/\/api.w.org\/{rel}","templated":true}]}}