{"id":97124,"date":"2024-05-24T09:09:39","date_gmt":"2024-05-24T09:09:39","guid":{"rendered":"https:\/\/gomostaging.com\/trece\/integritetspolicy\/"},"modified":"2024-05-24T09:09:39","modified_gmt":"2024-05-24T09:09:39","slug":"integritetspolicy","status":"publish","type":"page","link":"https:\/\/www.trece.se.webadmin7.net\/en\/integritetspolicy\/","title":{"rendered":"Integritetspolicy"},"content":{"rendered":"\n<style type=\"text\/css\" data-created_by=\"avia_inline_auto\" id=\"style-css-av-16twbn-925282b07fbe888a59acec1e882d1ed5\">\n.avia-section.av-16twbn-925282b07fbe888a59acec1e882d1ed5{\nbackground-repeat:no-repeat;\nbackground-image:url(https:\/\/www.trece.se.webadmin7.net\/wp-content\/uploads\/2024\/04\/banner-1.webp);\nbackground-position:50% 50%;\nbackground-attachment:scroll;\n}\n<\/style>\n<div id='av_section_1'  class='avia-section av-16twbn-925282b07fbe888a59acec1e882d1ed5 main_color avia-section-default avia-no-border-styling  avia-builder-el-0  el_before_av_section  avia-builder-el-first  banner home-banner avia-full-stretch avia-bg-style-scroll av-minimum-height av-minimum-height-75 av-height-75  container_wrap fullsize'  data-section-bg-repeat='stretch' data-av_minimum_height_pc='75' data-av_min_height_opt='75'><div class='container av-section-cont-open' ><main  role=\"main\" itemprop=\"mainContentOfPage\"  class='template-page content  av-content-full alpha units'><div class='post-entry post-entry-type-page post-entry-97124'><div class='entry-content-wrapper clearfix'>\n<div class='flex_column_table av-127f9n-2f2ad1454eea7b7bc0c672aca8b644ef sc-av_two_third av-equal-height-column-flextable'><div  class='flex_column av-127f9n-2f2ad1454eea7b7bc0c672aca8b644ef av_two_third  avia-builder-el-1  el_before_av_one_third  avia-builder-el-first  first flex_column_table_cell av-equal-height-column av-align-middle  '     ><style type=\"text\/css\" data-created_by=\"avia_inline_auto\" id=\"style-css-av-lwkgrl96-0dd3216d1ec517f26e82512c732e2544\">\nbody .av-special-heading.av-lwkgrl96-0dd3216d1ec517f26e82512c732e2544 .av-special-heading-tag .heading-char{\nfont-size:25px;\n}\n.av-special-heading.av-lwkgrl96-0dd3216d1ec517f26e82512c732e2544 .av-subheading{\nfont-size:15px;\n}\n<\/style>\n<div  class='av-special-heading av-lwkgrl96-0dd3216d1ec517f26e82512c732e2544 av-special-heading-h1 blockquote modern-quote  avia-builder-el-2  avia-builder-el-no-sibling  white'><h1 class='av-special-heading-tag'  itemprop=\"headline\"  >TreCe integritetspolicy<\/h1><div class=\"special-heading-border\"><div class=\"special-heading-inner-border\"><\/div><\/div><\/div><\/div><div class='av-flex-placeholder'><\/div><div  class='flex_column av-uw7yj-a772bc73487914112c5ebd8dc6d104b7 av_one_third  avia-builder-el-3  el_after_av_two_third  avia-builder-el-last  flex_column_table_cell av-equal-height-column av-align-middle  '     ><\/div><\/div><!--close column table wrapper. Autoclose: 1 -->\n\n<\/div><\/div><\/main><!-- close content main element --><\/div><\/div><div id='timeline'  class='avia-section av-pmdur-eefd47098861adafaad8eb2d93acf863 main_color avia-section-default avia-no-border-styling  avia-builder-el-4  el_after_av_section  avia-builder-el-last  avia-bg-style-scroll container_wrap fullsize'  ><div class='container av-section-cont-open' ><div class='template-page content  av-content-full alpha units'><div class='post-entry post-entry-type-page post-entry-97124'><div class='entry-content-wrapper clearfix'>\n<div class='flex_column_table av-jxad7-4acddfbdb1154d6d9d12a7b8b267cd38 sc-av_one_full av-equal-height-column-flextable'>\n<style type=\"text\/css\" data-created_by=\"avia_inline_auto\" id=\"style-css-av-jxad7-4acddfbdb1154d6d9d12a7b8b267cd38\">\n.flex_column.av-jxad7-4acddfbdb1154d6d9d12a7b8b267cd38{\npadding:0px 0px 0px 0px;\n}\n<\/style>\n<div  class='flex_column av-jxad7-4acddfbdb1154d6d9d12a7b8b267cd38 av_one_full  avia-builder-el-5  avia-builder-el-no-sibling  br16 contact-hq-banner first flex_column_table_cell av-equal-height-column av-align-top av-zero-column-padding  '     ><p>\n<style type=\"text\/css\" data-created_by=\"avia_inline_auto\" id=\"style-css-av-lwkgrq8i-1268d5ac539c15947bd37dbb1b95ad4b\">\nbody .av-special-heading.av-lwkgrq8i-1268d5ac539c15947bd37dbb1b95ad4b .av-special-heading-tag .heading-char{\nfont-size:25px;\n}\n.av-special-heading.av-lwkgrq8i-1268d5ac539c15947bd37dbb1b95ad4b .av-subheading{\nfont-size:15px;\n}\n<\/style>\n<div  class='av-special-heading av-lwkgrq8i-1268d5ac539c15947bd37dbb1b95ad4b av-special-heading-h5 blockquote modern-quote  avia-builder-el-6  el_before_av_textblock  avia-builder-el-first '><h5 class='av-special-heading-tag'  itemprop=\"headline\"  >Information om utgivaren<\/h5><div class=\"special-heading-border\"><div class=\"special-heading-inner-border\"><\/div><\/div><\/div><br \/>\n<section  class='av_textblock_section av-lwkgsr4e-081579bc3c983bc6afe5b3fc40733d46 '   itemscope=\"itemscope\" itemtype=\"https:\/\/schema.org\/CreativeWork\" ><div class='avia_textblock'  itemprop=\"text\" ><p>Den h\u00e4r hemsidan \u00e4r utgiven av TreCe AB, ett f\u00f6retag som st\u00e5r under Sveriges lagar med adress <a href=\"https:\/\/maps.app.goo.gl\/rnuX91Faw94ncHmp6\" target=\"_blank\" rel=\"noopener\">Importgatan 39, SE-600 06, Norrk\u00f6ping<\/a>, tel. nr <a href=\"tel:+4611211480\">+46 (0)11-21 14 80<\/a>.<\/p>\n<\/div><\/section><br \/>\n\n<style type=\"text\/css\" data-created_by=\"avia_inline_auto\" id=\"style-css-av-lwkgsw3e-bd3b82a58e14a1b115de98df54388742\">\nbody .av-special-heading.av-lwkgsw3e-bd3b82a58e14a1b115de98df54388742 .av-special-heading-tag .heading-char{\nfont-size:25px;\n}\n.av-special-heading.av-lwkgsw3e-bd3b82a58e14a1b115de98df54388742 .av-subheading{\nfont-size:15px;\n}\n<\/style>\n<div  class='av-special-heading av-lwkgsw3e-bd3b82a58e14a1b115de98df54388742 av-special-heading-h5 blockquote modern-quote  avia-builder-el-8  el_after_av_textblock  el_before_av_textblock '><h5 class='av-special-heading-tag'  itemprop=\"headline\"  >Vilka uppgifter samlar vi in?<\/h5><div class=\"special-heading-border\"><div class=\"special-heading-inner-border\"><\/div><\/div><\/div><br \/>\n<section  class='av_textblock_section av-lwkgtw25-89bc51be5f66f5155458a0ed64550323 '   itemscope=\"itemscope\" itemtype=\"https:\/\/schema.org\/CreativeWork\" ><div class='avia_textblock'  itemprop=\"text\" ><p>V\u00e5rt f\u00f6retag samlar in f\u00f6ljande uppgifter:<\/p>\n<ul>\n<li>Personlig identifieringsinformation (namn, f\u00f6retagsnamn, e-postadress, telefonnummer, ort).<\/li>\n<li>Ans\u00f6kningshandlingar s\u00e5som CV och personligt brev<\/li>\n<li>Annan information som du l\u00e4mnat till oss i samband med exempelvis kontakt med v\u00e5r kundtj\u00e4nst.<\/li>\n<li>Cookies och liknande teknologier (Se v\u00e5r cookiepolicy f\u00f6r mer information)<\/li>\n<\/ul>\n<\/div><\/section><br \/>\n\n<style type=\"text\/css\" data-created_by=\"avia_inline_auto\" id=\"style-css-av-dy9mj-86efa98897e89e4f5880142d981c731e\">\nbody .av-special-heading.av-dy9mj-86efa98897e89e4f5880142d981c731e .av-special-heading-tag .heading-char{\nfont-size:25px;\n}\n.av-special-heading.av-dy9mj-86efa98897e89e4f5880142d981c731e .av-subheading{\nfont-size:15px;\n}\n<\/style>\n<div  class='av-special-heading av-dy9mj-86efa98897e89e4f5880142d981c731e av-special-heading-h5 blockquote modern-quote  avia-builder-el-10  el_after_av_textblock  el_before_av_textblock '><h5 class='av-special-heading-tag'  itemprop=\"headline\"  >Hur samlar vi in dina uppgifter?<\/h5><div class=\"special-heading-border\"><div class=\"special-heading-inner-border\"><\/div><\/div><\/div><br \/>\n<section  class='av_textblock_section av-lwkgw0ee-a32e636412fd1f0a4ab1cc043ad907ce '   itemscope=\"itemscope\" itemtype=\"https:\/\/schema.org\/CreativeWork\" ><div class='avia_textblock'  itemprop=\"text\" ><p>Du f\u00f6rser v\u00e5rt f\u00f6retag direkt med de flesta av de uppgifter som vi samlar in. Vi samlar in uppgifter och behandlar uppgifter n\u00e4r du:<\/p>\n<ul>\n<li>Registrerar dig f\u00f6r v\u00e5rt nyhetsbrevsutskick eller n\u00e4r du fyller i ett formul\u00e4r p\u00e5 v\u00e5r hemsida.<\/li>\n<li>Frivilligt fyller i en kundunders\u00f6kning eller ger feedback via e-post.<\/li>\n<li>Anv\u00e4nder eller tittar p\u00e5 v\u00e5r webbplats via din webbl\u00e4sares cookies.<\/li>\n<\/ul>\n<\/div><\/section><br \/>\n\n<style type=\"text\/css\" data-created_by=\"avia_inline_auto\" id=\"style-css-av-lwkgw9qx-b2c7882f4396495bcc6914126b2b6654\">\nbody .av-special-heading.av-lwkgw9qx-b2c7882f4396495bcc6914126b2b6654 .av-special-heading-tag .heading-char{\nfont-size:25px;\n}\n.av-special-heading.av-lwkgw9qx-b2c7882f4396495bcc6914126b2b6654 .av-subheading{\nfont-size:15px;\n}\n<\/style>\n<div  class='av-special-heading av-lwkgw9qx-b2c7882f4396495bcc6914126b2b6654 av-special-heading-h5 blockquote modern-quote  avia-builder-el-12  el_after_av_textblock  el_before_av_textblock '><h5 class='av-special-heading-tag'  itemprop=\"headline\"  >Hur kommer vi att anv\u00e4nda dina uppgifter?<\/h5><div class=\"special-heading-border\"><div class=\"special-heading-inner-border\"><\/div><\/div><\/div><br \/>\n<section  class='av_textblock_section av-lwkgwtvp-e956ea356e365680537730d6b0561861 '   itemscope=\"itemscope\" itemtype=\"https:\/\/schema.org\/CreativeWork\" ><div class='avia_textblock'  itemprop=\"text\" ><p>V\u00e5rt f\u00f6retag samlar in dina uppgifter s\u00e5 att vi kan:<\/p>\n<ul>\n<li>Behandla din best\u00e4llning, eller din fr\u00e5ga inskickad via formul\u00e4r.<\/li>\n<li>Skicka e-post till dig med nyheter om andra produkter som vi tror att du kanske gillar.<\/li>\n<\/ul>\n<p><strong>Nyhetsbrev<\/strong><\/p>\n<p>Har du valt att prenumerera p\u00e5 v\u00e5rt nyhetsbrev delas f\u00f6rnamn, efternamn och e-postadress med v\u00e5r nyhetsbrevsleverant\u00f6r. Detta f\u00f6r att kunna h\u00e5lla dig uppdaterad med information och erbjudanden i marknadsf\u00f6ringssyfte. Vi anv\u00e4nder Mailchimp f\u00f6r utskick av nyhetsbrev.<\/p>\n<\/div><\/section><br \/>\n\n<style type=\"text\/css\" data-created_by=\"avia_inline_auto\" id=\"style-css-av-lwkgxe16-439f82d4868de7ce7170e4474f35d4f3\">\nbody .av-special-heading.av-lwkgxe16-439f82d4868de7ce7170e4474f35d4f3 .av-special-heading-tag .heading-char{\nfont-size:25px;\n}\n.av-special-heading.av-lwkgxe16-439f82d4868de7ce7170e4474f35d4f3 .av-subheading{\nfont-size:15px;\n}\n<\/style>\n<div  class='av-special-heading av-lwkgxe16-439f82d4868de7ce7170e4474f35d4f3 av-special-heading-h5 blockquote modern-quote  avia-builder-el-14  el_after_av_textblock  el_before_av_textblock '><h5 class='av-special-heading-tag'  itemprop=\"headline\"  >Hur lagrar vi dina uppgifter?<\/h5><div class=\"special-heading-border\"><div class=\"special-heading-inner-border\"><\/div><\/div><\/div><br \/>\n<section  class='av_textblock_section av-lwkgxs85-eef62a4d900d510ca49ae4536d31f8d8 '   itemscope=\"itemscope\" itemtype=\"https:\/\/schema.org\/CreativeWork\" ><div class='avia_textblock'  itemprop=\"text\" ><p>Vi anv\u00e4nder oss av industristandarder som SSL\/TLS och env\u00e4gs hash-algoritmer f\u00f6r att lagra, behandla och kommunicera k\u00e4nslig information som exempelvis personuppgifter p\u00e5 ett s\u00e4kert s\u00e4tt.<\/p>\n<p>Du har r\u00e4tt att n\u00e4r som helst stoppa TreCe AB fr\u00e5n att kontakta dig i marknadsf\u00f6ringssyfte.<\/p>\n<\/div><\/section><br \/>\n\n<style type=\"text\/css\" data-created_by=\"avia_inline_auto\" id=\"style-css-av-lwkgxytm-fdac53a6c80415c5356d94b12f94c156\">\nbody .av-special-heading.av-lwkgxytm-fdac53a6c80415c5356d94b12f94c156 .av-special-heading-tag .heading-char{\nfont-size:25px;\n}\n.av-special-heading.av-lwkgxytm-fdac53a6c80415c5356d94b12f94c156 .av-subheading{\nfont-size:15px;\n}\n<\/style>\n<div  class='av-special-heading av-lwkgxytm-fdac53a6c80415c5356d94b12f94c156 av-special-heading-h5 blockquote modern-quote  avia-builder-el-16  el_after_av_textblock  el_before_av_textblock '><h5 class='av-special-heading-tag'  itemprop=\"headline\"  >Hur skyddar vi dina uppgifter?<\/h5><div class=\"special-heading-border\"><div class=\"special-heading-inner-border\"><\/div><\/div><\/div><br \/>\n<section  class='av_textblock_section av-lwkgy4ro-49a066649389e35305014ff2fd613b34 '   itemscope=\"itemscope\" itemtype=\"https:\/\/schema.org\/CreativeWork\" ><div class='avia_textblock'  itemprop=\"text\" ><p>Vi p\u00e5 TreCe AB arbetar kontinuerligt f\u00f6r att s\u00e4kerst\u00e4lla en organisatorisk och teknisk s\u00e4kerhetsniv\u00e5 som uppfyller kraven som st\u00e4lls g\u00e4llande dataskyddslagstiftning.<\/p>\n<\/div><\/section><br \/>\n\n<style type=\"text\/css\" data-created_by=\"avia_inline_auto\" id=\"style-css-av-lwkgyavd-8b9a7a686dabf7147ef95fea10a0bce3\">\nbody .av-special-heading.av-lwkgyavd-8b9a7a686dabf7147ef95fea10a0bce3 .av-special-heading-tag .heading-char{\nfont-size:25px;\n}\n.av-special-heading.av-lwkgyavd-8b9a7a686dabf7147ef95fea10a0bce3 .av-subheading{\nfont-size:15px;\n}\n<\/style>\n<div  class='av-special-heading av-lwkgyavd-8b9a7a686dabf7147ef95fea10a0bce3 av-special-heading-h5 blockquote modern-quote  avia-builder-el-18  el_after_av_textblock  el_before_av_textblock '><h5 class='av-special-heading-tag'  itemprop=\"headline\"  >Vilka \u00e4r dina r\u00e4ttigheter i fr\u00e5ga om dataskydd?<\/h5><div class=\"special-heading-border\"><div class=\"special-heading-inner-border\"><\/div><\/div><\/div><br \/>\n<section  class='av_textblock_section av-12nt7-f13996b37bc21f630dc6e8ebedc9ca6f '   itemscope=\"itemscope\" itemtype=\"https:\/\/schema.org\/CreativeWork\" ><div class='avia_textblock'  itemprop=\"text\" ><p>TreCe AB vill f\u00f6rs\u00e4kra sig om att du \u00e4r fullt medveten om alla dina r\u00e4ttigheter i fr\u00e5ga om dataskydd. Varje anv\u00e4ndare har r\u00e4tt till f\u00f6ljande:<\/p>\n<p><strong>R\u00e4tt till tillg\u00e5ng<\/strong> \u2013 Du har r\u00e4tt att beg\u00e4ra kopior av dina personuppgifter fr\u00e5n v\u00e5rt f\u00f6retag. Vi kan ta ut en liten avgift f\u00f6r denna tj\u00e4nst.<\/p>\n<p><strong>R\u00e4tten till r\u00e4ttelse<\/strong> \u2013 Du har r\u00e4tt att beg\u00e4ra att v\u00e5rt f\u00f6retag r\u00e4ttar information som du anser vara felaktig. Du har ocks\u00e5 r\u00e4tt att beg\u00e4ra att v\u00e5rt f\u00f6retag kompletterar information som du anser vara ofullst\u00e4ndig.<\/p>\n<p><strong>R\u00e4tt till radering<\/strong> \u2013 Du har r\u00e4tt att beg\u00e4ra att v\u00e5rt f\u00f6retag raderar dina personuppgifter under vissa villkor.<\/p>\n<p><strong>R\u00e4tt att begr\u00e4nsa behandlingen<\/strong> \u2013 Du har r\u00e4tt att beg\u00e4ra att v\u00e5rt f\u00f6retag begr\u00e4nsar behandlingen av dina personuppgifter under vissa villkor.<\/p>\n<p><strong>R\u00e4tten att inv\u00e4nda mot behandlingen<\/strong> \u2013 Du har r\u00e4tt att inv\u00e4nda mot v\u00e5rt f\u00f6retags behandling av dina personuppgifter under vissa villkor.<\/p>\n<p><strong>R\u00e4tten till dataportabilitet<\/strong> \u2013 Du har r\u00e4tt att beg\u00e4ra att v\u00e5rt f\u00f6retag \u00f6verf\u00f6r de uppgifter som vi har samlat in till en annan organisation, eller direkt till dig, under vissa villkor.<\/p>\n<p>Om du g\u00f6r en beg\u00e4ran har vi en m\u00e5nad p\u00e5 oss att svara dig. l Om du vill ut\u00f6va n\u00e5gon av dessa r\u00e4ttigheter kan du kontakta oss p\u00e5 v\u00e5r e-post.<\/p>\n<\/div><\/section><br \/>\n<section  class='av_textblock_section av-lwkh0w9a-93a3de1d8b803f029da4f7ef2ede237c '   itemscope=\"itemscope\" itemtype=\"https:\/\/schema.org\/CreativeWork\" ><div class='avia_textblock'  itemprop=\"text\" ><p><strong>Hur du kontaktar oss<\/strong><\/p>\n<p>Om du har n\u00e5gra fr\u00e5gor om v\u00e5rt f\u00f6retags integritetspolicy, de uppgifter vi har om dig eller om du vill ut\u00f6va n\u00e5gon av dina dataskyddsr\u00e4ttigheter, tveka inte att kontakta oss.<\/p>\n<\/div><\/section><br \/>\n\n<style type=\"text\/css\" data-created_by=\"avia_inline_auto\" id=\"style-css-av-13ug9n-3425c4620ad42422067db5111258fcf5\">\n#top .av-special-heading.av-13ug9n-3425c4620ad42422067db5111258fcf5{\npadding-bottom:10px;\n}\nbody .av-special-heading.av-13ug9n-3425c4620ad42422067db5111258fcf5 .av-special-heading-tag .heading-char{\nfont-size:25px;\n}\n.av-special-heading.av-13ug9n-3425c4620ad42422067db5111258fcf5 .av-subheading{\nfont-size:15px;\n}\n<\/style>\n<div  class='av-special-heading av-13ug9n-3425c4620ad42422067db5111258fcf5 av-special-heading-h5 blockquote modern-quote  avia-builder-el-21  el_after_av_textblock  el_before_av_iconlist  f-w-500 mb0 grey'><h5 class='av-special-heading-tag'  itemprop=\"headline\"  >TreCe AB<\/h5><div class=\"special-heading-border\"><div class=\"special-heading-inner-border\"><\/div><\/div><\/div><br \/>\n<div  class='avia-icon-list-container av-3jaeb-885e2a1dbdfa9d85c4f4177c252c7033  avia-builder-el-22  el_after_av_heading  avia-builder-el-last '><ul class='avia-icon-list avia_animate_when_almost_visible avia-icon-list-left av-iconlist-small av-3jaeb-885e2a1dbdfa9d85c4f4177c252c7033 avia-iconlist-animate'>\n<li><a href='https:\/\/maps.app.goo.gl\/rnuX91Faw94ncHmp6' title='Importgatan 39, Norrk\u00f6ping Box 6063, SE-600 06 Norrk\u00f6ping' target=\"_blank\" rel=\"noopener noreferrer\" class='iconlist_icon av-sf2ur-6619d167f310aa1789d93463ebf33eae avia-font-entypo-fontello'><span class='iconlist-char' aria-hidden='true' data-av_icon='\ue842' data-av_iconfont='entypo-fontello'><\/span><\/a><article class=\"article-icon-entry av-iconlist-empty\"  itemscope=\"itemscope\" itemtype=\"https:\/\/schema.org\/CreativeWork\" ><div class=\"iconlist_content_wrap\"><header class=\"entry-content-header\"><div class='av_iconlist_title iconlist_title_small  '  itemprop=\"headline\" ><a href='https:\/\/maps.app.goo.gl\/rnuX91Faw94ncHmp6' title='Importgatan 39, Norrk\u00f6ping Box 6063, SE-600 06 Norrk\u00f6ping' target=\"_blank\" rel=\"noopener noreferrer\">Importgatan 39, Norrk\u00f6ping Box 6063, SE-600 06 Norrk\u00f6ping<\/a><\/div><\/header><div class='iconlist_content '  itemprop=\"text\" ><\/div><\/div><footer class=\"entry-footer\"><\/footer><\/article><div class=\"iconlist-timeline\"><\/div><\/li>\n<li><a href='tel:+4611211480' title='+46-11-21 14 80'  class='iconlist_icon av-jxrcb-ca0fa2c3d7b33c9efcdd8f578c157dd0 avia-font-entypo-fontello'><span class='iconlist-char' aria-hidden='true' data-av_icon='\ue854' data-av_iconfont='entypo-fontello'><\/span><\/a><article class=\"article-icon-entry av-iconlist-empty\"  itemscope=\"itemscope\" itemtype=\"https:\/\/schema.org\/CreativeWork\" ><div class=\"iconlist_content_wrap\"><header class=\"entry-content-header\"><div class='av_iconlist_title iconlist_title_small xxx '  itemprop=\"headline\" ><a href='tel:+4611211480' title='+46-11-21 14 80'>+46-11-21 14 80<\/a><\/div><\/header><div class='iconlist_content '  itemprop=\"text\" ><\/div><\/div><footer class=\"entry-footer\"><\/footer><\/article><div class=\"iconlist-timeline\"><\/div><\/li>\n<li><a href='mailto:info@trece.se' title='info@trece.se'  class='iconlist_icon av-eslg3-02cc365b44d64c99e5cbbbad19d26fdb avia-font-entypo-fontello'><span class='iconlist-char' aria-hidden='true' data-av_icon='\ue805' data-av_iconfont='entypo-fontello'><\/span><\/a><article class=\"article-icon-entry av-iconlist-empty\"  itemscope=\"itemscope\" itemtype=\"https:\/\/schema.org\/CreativeWork\" ><div class=\"iconlist_content_wrap\"><header class=\"entry-content-header\"><div class='av_iconlist_title iconlist_title_small  '  itemprop=\"headline\" ><a href='mailto:info@trece.se' title='info@trece.se'>info@trece.se<\/a><\/div><\/header><div class='iconlist_content '  itemprop=\"text\" ><\/div><\/div><footer class=\"entry-footer\"><\/footer><\/article><div class=\"iconlist-timeline\"><\/div><\/li>\n<li><div class='iconlist_icon av-9sbh7-be71869a052fa57e8f7bd0c81deb74f9 avia-font-entypo-fontello'><span class='iconlist-char' aria-hidden='true' data-av_icon='\ue862' data-av_iconfont='entypo-fontello'><\/span><\/div><article class=\"article-icon-entry av-iconlist-empty\"  itemscope=\"itemscope\" itemtype=\"https:\/\/schema.org\/CreativeWork\" ><div class=\"iconlist_content_wrap\"><header class=\"entry-content-header\"><div class='av_iconlist_title iconlist_title_small  '  itemprop=\"headline\" >Mon-Thurs: 08:00-17:00Fri: 08:00-15:00<\/div><\/header><div class='iconlist_content '  itemprop=\"text\" ><\/div><\/div><footer class=\"entry-footer\"><\/footer><\/article><div class=\"iconlist-timeline\"><\/div><\/li>\n<\/ul><\/div><\/p><\/div><\/div><!--close column table wrapper. Autoclose: 1 -->\n","protected":false},"excerpt":{"rendered":"","protected":false},"author":2,"featured_media":0,"parent":0,"menu_order":0,"comment_status":"closed","ping_status":"closed","template":"","meta":{"_acf_changed":false,"footnotes":""},"class_list":["post-97124","page","type-page","status-publish","hentry"],"acf":[],"yoast_head":"<!-- This site is optimized with the Yoast SEO plugin v23.4 - https:\/\/yoast.com\/wordpress\/plugins\/seo\/ -->\n<title>Integritetspolicy - TreCe<\/title>\n<meta name=\"robots\" content=\"noindex, follow, max-snippet:-1, max-image-preview:large, max-video-preview:-1\" \/>\n<meta property=\"og:locale\" content=\"en_US\" \/>\n<meta property=\"og:type\" content=\"article\" \/>\n<meta property=\"og:title\" content=\"Integritetspolicy - TreCe\" \/>\n<meta property=\"og:url\" content=\"https:\/\/www.trece.se.webadmin7.net\/en\/integritetspolicy\/\" \/>\n<meta property=\"og:site_name\" content=\"TreCe\" \/>\n<meta name=\"twitter:card\" content=\"summary_large_image\" \/>\n<meta name=\"twitter:label1\" content=\"Est. reading time\" \/>\n\t<meta name=\"twitter:data1\" content=\"28 minutes\" \/>\n<script type=\"application\/ld+json\" class=\"yoast-schema-graph\">{\"@context\":\"https:\/\/schema.org\",\"@graph\":[{\"@type\":\"WebPage\",\"@id\":\"https:\/\/www.trece.se.webadmin7.net\/en\/integritetspolicy\/\",\"url\":\"https:\/\/www.trece.se.webadmin7.net\/en\/integritetspolicy\/\",\"name\":\"Integritetspolicy - TreCe\",\"isPartOf\":{\"@id\":\"https:\/\/www.trece.se.webadmin7.net\/en\/#website\"},\"datePublished\":\"2024-05-24T09:09:39+00:00\",\"dateModified\":\"2024-05-24T09:09:39+00:00\",\"breadcrumb\":{\"@id\":\"https:\/\/www.trece.se.webadmin7.net\/en\/integritetspolicy\/#breadcrumb\"},\"inLanguage\":\"en-US\",\"potentialAction\":[{\"@type\":\"ReadAction\",\"target\":[\"https:\/\/www.trece.se.webadmin7.net\/en\/integritetspolicy\/\"]}]},{\"@type\":\"BreadcrumbList\",\"@id\":\"https:\/\/www.trece.se.webadmin7.net\/en\/integritetspolicy\/#breadcrumb\",\"itemListElement\":[{\"@type\":\"ListItem\",\"position\":1,\"name\":\"Home\",\"item\":\"https:\/\/www.trece.se.webadmin7.net\/en\/\"},{\"@type\":\"ListItem\",\"position\":2,\"name\":\"Integritetspolicy\"}]},{\"@type\":\"WebSite\",\"@id\":\"https:\/\/www.trece.se.webadmin7.net\/en\/#website\",\"url\":\"https:\/\/www.trece.se.webadmin7.net\/en\/\",\"name\":\"TreCe\",\"description\":\"F\u00f6rvaringsl\u00f6sningar f\u00f6r f\u00f6retag &amp; organisationer\",\"potentialAction\":[{\"@type\":\"SearchAction\",\"target\":{\"@type\":\"EntryPoint\",\"urlTemplate\":\"https:\/\/www.trece.se.webadmin7.net\/en\/?s={search_term_string}\"},\"query-input\":{\"@type\":\"PropertyValueSpecification\",\"valueRequired\":true,\"valueName\":\"search_term_string\"}}],\"inLanguage\":\"en-US\"}]}<\/script>\n<!-- \/ Yoast SEO plugin. -->","yoast_head_json":{"title":"Integritetspolicy - TreCe","robots":{"index":"noindex","follow":"follow","max-snippet":"max-snippet:-1","max-image-preview":"max-image-preview:large","max-video-preview":"max-video-preview:-1"},"og_locale":"en_US","og_type":"article","og_title":"Integritetspolicy - TreCe","og_url":"https:\/\/www.trece.se.webadmin7.net\/en\/integritetspolicy\/","og_site_name":"TreCe","twitter_card":"summary_large_image","twitter_misc":{"Est. reading time":"28 minutes"},"schema":{"@context":"https:\/\/schema.org","@graph":[{"@type":"WebPage","@id":"https:\/\/www.trece.se.webadmin7.net\/en\/integritetspolicy\/","url":"https:\/\/www.trece.se.webadmin7.net\/en\/integritetspolicy\/","name":"Integritetspolicy - TreCe","isPartOf":{"@id":"https:\/\/www.trece.se.webadmin7.net\/en\/#website"},"datePublished":"2024-05-24T09:09:39+00:00","dateModified":"2024-05-24T09:09:39+00:00","breadcrumb":{"@id":"https:\/\/www.trece.se.webadmin7.net\/en\/integritetspolicy\/#breadcrumb"},"inLanguage":"en-US","potentialAction":[{"@type":"ReadAction","target":["https:\/\/www.trece.se.webadmin7.net\/en\/integritetspolicy\/"]}]},{"@type":"BreadcrumbList","@id":"https:\/\/www.trece.se.webadmin7.net\/en\/integritetspolicy\/#breadcrumb","itemListElement":[{"@type":"ListItem","position":1,"name":"Home","item":"https:\/\/www.trece.se.webadmin7.net\/en\/"},{"@type":"ListItem","position":2,"name":"Integritetspolicy"}]},{"@type":"WebSite","@id":"https:\/\/www.trece.se.webadmin7.net\/en\/#website","url":"https:\/\/www.trece.se.webadmin7.net\/en\/","name":"TreCe","description":"F\u00f6rvaringsl\u00f6sningar f\u00f6r f\u00f6retag &amp; organisationer","potentialAction":[{"@type":"SearchAction","target":{"@type":"EntryPoint","urlTemplate":"https:\/\/www.trece.se.webadmin7.net\/en\/?s={search_term_string}"},"query-input":{"@type":"PropertyValueSpecification","valueRequired":true,"valueName":"search_term_string"}}],"inLanguage":"en-US"}]}},"_links":{"self":[{"href":"https:\/\/www.trece.se.webadmin7.net\/en\/wp-json\/wp\/v2\/pages\/97124","targetHints":{"allow":["GET"]}}],"collection":[{"href":"https:\/\/www.trece.se.webadmin7.net\/en\/wp-json\/wp\/v2\/pages"}],"about":[{"href":"https:\/\/www.trece.se.webadmin7.net\/en\/wp-json\/wp\/v2\/types\/page"}],"author":[{"embeddable":true,"href":"https:\/\/www.trece.se.webadmin7.net\/en\/wp-json\/wp\/v2\/users\/2"}],"replies":[{"embeddable":true,"href":"https:\/\/www.trece.se.webadmin7.net\/en\/wp-json\/wp\/v2\/comments?post=97124"}],"version-history":[{"count":0,"href":"https:\/\/www.trece.se.webadmin7.net\/en\/wp-json\/wp\/v2\/pages\/97124\/revisions"}],"wp:attachment":[{"href":"https:\/\/www.trece.se.webadmin7.net\/en\/wp-json\/wp\/v2\/media?parent=97124"}],"curies":[{"name":"wp","href":"https:\/\/api.w.org\/{rel}","templated":true}]}}