{"id":97120,"date":"2024-05-24T09:10:05","date_gmt":"2024-05-24T09:10:05","guid":{"rendered":"https:\/\/gomostaging.com\/trece\/gdpr\/"},"modified":"2024-05-24T09:10:05","modified_gmt":"2024-05-24T09:10:05","slug":"gdpr","status":"publish","type":"page","link":"https:\/\/www.trece.se.webadmin7.net\/en\/gdpr\/","title":{"rendered":"GDPR"},"content":{"rendered":"\n<style type=\"text\/css\" data-created_by=\"avia_inline_auto\" id=\"style-css-av-zgsc9-e85d4a100a4b1c1b32171e453371c15f\">\n.avia-section.av-zgsc9-e85d4a100a4b1c1b32171e453371c15f{\nbackground-repeat:no-repeat;\nbackground-image:url(https:\/\/www.trece.se.webadmin7.net\/wp-content\/uploads\/2024\/04\/banner-1.webp);\nbackground-position:50% 50%;\nbackground-attachment:scroll;\n}\n<\/style>\n<div id='av_section_1'  class='avia-section av-zgsc9-e85d4a100a4b1c1b32171e453371c15f main_color avia-section-default avia-no-border-styling  avia-builder-el-0  el_before_av_section  avia-builder-el-first  banner home-banner avia-full-stretch avia-bg-style-scroll av-minimum-height av-minimum-height-75 av-height-75  container_wrap fullsize'  data-section-bg-repeat='stretch' data-av_minimum_height_pc='75' data-av_min_height_opt='75'><div class='container av-section-cont-open' ><main  role=\"main\" itemprop=\"mainContentOfPage\"  class='template-page content  av-content-full alpha units'><div class='post-entry post-entry-type-page post-entry-97120'><div class='entry-content-wrapper clearfix'>\n<div class='flex_column_table av-9j75-d6ce1b7a2f74647cc885048031b2c49b sc-av_two_third av-equal-height-column-flextable'><div  class='flex_column av-9j75-d6ce1b7a2f74647cc885048031b2c49b av_two_third  avia-builder-el-1  el_before_av_one_third  avia-builder-el-first  first flex_column_table_cell av-equal-height-column av-align-middle  '     ><p>\n<style type=\"text\/css\" data-created_by=\"avia_inline_auto\" id=\"style-css-av-lwkgkwun-6b9efb194cb4eb30fcec5790f171cb99\">\nbody .av-special-heading.av-lwkgkwun-6b9efb194cb4eb30fcec5790f171cb99 .av-special-heading-tag .heading-char{\nfont-size:25px;\n}\n.av-special-heading.av-lwkgkwun-6b9efb194cb4eb30fcec5790f171cb99 .av-subheading{\nfont-size:15px;\n}\n<\/style>\n<div  class='av-special-heading av-lwkgkwun-6b9efb194cb4eb30fcec5790f171cb99 av-special-heading-h1 blockquote modern-quote  avia-builder-el-2  el_before_av_textblock  avia-builder-el-first  white'><h1 class='av-special-heading-tag'  itemprop=\"headline\"  >GDPR<\/h1><div class=\"special-heading-border\"><div class=\"special-heading-inner-border\"><\/div><\/div><\/div><br \/>\n<section  class='av_textblock_section av-lwkgm3tg-feeb0d7cd3031a7d07432bc1494d9a95 '   itemscope=\"itemscope\" itemtype=\"https:\/\/schema.org\/CreativeWork\" ><div class='avia_textblock white'  itemprop=\"text\" ><p>H\u00e4r kan du l\u00e4sa mer om hur TreCe AB behandlar dina personuppgifter.<\/p>\n<\/div><\/section><\/p><\/div><div class='av-flex-placeholder'><\/div><div  class='flex_column av-ixvo9-7384d4f114c7a9a99fafbf0f57a7d42d av_one_third  avia-builder-el-4  el_after_av_two_third  avia-builder-el-last  flex_column_table_cell av-equal-height-column av-align-middle  '     ><\/div><\/div><!--close column table wrapper. Autoclose: 1 -->\n\n<\/div><\/div><\/main><!-- close content main element --><\/div><\/div><div id='timeline'  class='avia-section av-1cvv5-589a9036c864674ded74f1b2025e0cd7 main_color avia-section-default avia-no-border-styling  avia-builder-el-5  el_after_av_section  avia-builder-el-last  avia-bg-style-scroll container_wrap fullsize'  ><div class='container av-section-cont-open' ><div class='template-page content  av-content-full alpha units'><div class='post-entry post-entry-type-page post-entry-97120'><div class='entry-content-wrapper clearfix'>\n<div class='flex_column_table av-6rozd-b73a375f5faecd5cf841308de093a0f4 sc-av_one_full av-equal-height-column-flextable'>\n<style type=\"text\/css\" data-created_by=\"avia_inline_auto\" id=\"style-css-av-6rozd-b73a375f5faecd5cf841308de093a0f4\">\n.flex_column.av-6rozd-b73a375f5faecd5cf841308de093a0f4{\npadding:0px 0px 0px 0px;\n}\n<\/style>\n<div  class='flex_column av-6rozd-b73a375f5faecd5cf841308de093a0f4 av_one_full  avia-builder-el-6  avia-builder-el-no-sibling  br16 first flex_column_table_cell av-equal-height-column av-align-top av-zero-column-padding  '     ><p>\n<style type=\"text\/css\" data-created_by=\"avia_inline_auto\" id=\"style-css-av-lwkgm8wx-e79573fd071552122dca359b038e3d69\">\nbody .av-special-heading.av-lwkgm8wx-e79573fd071552122dca359b038e3d69 .av-special-heading-tag .heading-char{\nfont-size:25px;\n}\n.av-special-heading.av-lwkgm8wx-e79573fd071552122dca359b038e3d69 .av-subheading{\nfont-size:15px;\n}\n<\/style>\n<div  class='av-special-heading av-lwkgm8wx-e79573fd071552122dca359b038e3d69 av-special-heading-h5 blockquote modern-quote  avia-builder-el-7  el_before_av_textblock  avia-builder-el-first '><h5 class='av-special-heading-tag'  itemprop=\"headline\"  >Nya regler fr\u00e5n den 25 maj 2018<\/h5><div class=\"special-heading-border\"><div class=\"special-heading-inner-border\"><\/div><\/div><\/div><br \/>\n<section  class='av_textblock_section av-lwkgmf1n-18266ad7789c969b535bcfff2ac877df '   itemscope=\"itemscope\" itemtype=\"https:\/\/schema.org\/CreativeWork\" ><div class='avia_textblock'  itemprop=\"text\" ><p>GDPR (General Data Protection Regulation) \u00e4r en ny EU-f\u00f6rordning som b\u00f6rjade g\u00e4lla i hela EU den 25 maj 2018. GDPR ers\u00e4tter den tidigare Personuppgiftslagen (PuL). N\u00e4r det g\u00e4ller behandling av personuppgifter skiljer sig GDPR fr\u00e5n Personuppgiftslagen och kraven p\u00e5 hur f\u00f6retag f\u00e5r behandla dina personuppgifter sk\u00e4rps.<\/p>\n<\/div><\/section><br \/>\n\n<style type=\"text\/css\" data-created_by=\"avia_inline_auto\" id=\"style-css-av-lwkgmjoy-3d5e53117c3913cde2230382934cfca0\">\nbody .av-special-heading.av-lwkgmjoy-3d5e53117c3913cde2230382934cfca0 .av-special-heading-tag .heading-char{\nfont-size:25px;\n}\n.av-special-heading.av-lwkgmjoy-3d5e53117c3913cde2230382934cfca0 .av-subheading{\nfont-size:15px;\n}\n<\/style>\n<div  class='av-special-heading av-lwkgmjoy-3d5e53117c3913cde2230382934cfca0 av-special-heading-h5 blockquote modern-quote  avia-builder-el-9  el_after_av_textblock  el_before_av_textblock '><h5 class='av-special-heading-tag'  itemprop=\"headline\"  >Vad \u00e4r en personuppgift och vad \u00e4r en behandling av personuppgifter?<\/h5><div class=\"special-heading-border\"><div class=\"special-heading-inner-border\"><\/div><\/div><\/div><br \/>\n<section  class='av_textblock_section av-lwkgmqh0-0442575d355153277846ada0ed7ebe0a '   itemscope=\"itemscope\" itemtype=\"https:\/\/schema.org\/CreativeWork\" ><div class='avia_textblock'  itemprop=\"text\" ><p>Personuppgifter \u00e4r all slags information som direkt eller indirekt kan h\u00e4nf\u00f6ras till en fysisk person som \u00e4r i livet. T.ex. kan bilder och ljudupptagningar som behandlas i dator vara personuppgifter \u00e4ven om inga namn n\u00e4mns. Krypterade uppgifter och olika slags elektroniska identiteter (t.ex. IP-nummer) \u00e4r personuppgifter ifall de kan kopplas till fysiska personer.<\/p>\n<p>Behandling av personuppgifter \u00e4r allt som sker med personuppgifterna. Varje \u00e5tg\u00e4rd som vidtas med personuppgifter utg\u00f6r en behandling, oberoende av om den utf\u00f6rs automatiserat eller ej. Exempel p\u00e5 vanliga behandlingar \u00e4r insamling, registrering, organisering, strukturering, lagring, bearbetning, \u00f6verf\u00f6ring och radering.<\/p>\n<\/div><\/section><br \/>\n\n<style type=\"text\/css\" data-created_by=\"avia_inline_auto\" id=\"style-css-av-lwkgmw2x-4a51f34ab727f5b04df4860be9b3784e\">\nbody .av-special-heading.av-lwkgmw2x-4a51f34ab727f5b04df4860be9b3784e .av-special-heading-tag .heading-char{\nfont-size:25px;\n}\n.av-special-heading.av-lwkgmw2x-4a51f34ab727f5b04df4860be9b3784e .av-subheading{\nfont-size:15px;\n}\n<\/style>\n<div  class='av-special-heading av-lwkgmw2x-4a51f34ab727f5b04df4860be9b3784e av-special-heading-h5 blockquote modern-quote  avia-builder-el-11  el_after_av_textblock  el_before_av_textblock '><h5 class='av-special-heading-tag'  itemprop=\"headline\"  >Nyhetsutskick fr\u00e5n TreCe AB<\/h5><div class=\"special-heading-border\"><div class=\"special-heading-inner-border\"><\/div><\/div><\/div><br \/>\n<section  class='av_textblock_section av-lwkgo3vg-de47949f463573210c0e3f89466078fb '   itemscope=\"itemscope\" itemtype=\"https:\/\/schema.org\/CreativeWork\" ><div class='avia_textblock'  itemprop=\"text\" ><p>TreCe AB anv\u00e4nder sig av tj\u00e4nsten Mailchimp f\u00f6r att distribuera nyhetsbrev till kunder som anm\u00e4lt sitt intresse till v\u00e5rt nyhetsmail p\u00e5 v\u00e5r webbplats eller om du varit\/\u00e4r en intressent till oss. N\u00e4r dina personuppgifter lagras av Mailchimp i och utanf\u00f6r EU\/EES, s\u00e4kerst\u00e4ller vi att det finns skydds\u00e5tg\u00e4rder som data\u00f6verf\u00f6ringsavtal, mellan oss och v\u00e5ra tj\u00e4nsteleverant\u00f6rer s\u00e5 att de behandlar dina uppgifter p\u00e5 ett s\u00e4kert s\u00e4tt. L\u00e4s mer om hur Mailchimp arbetar med GDPR h\u00e4r.<\/p>\n<p>F\u00f6r mer information kan ni l\u00e4sa v\u00e5r <a href=\"https:\/\/www.trece.se.webadmin7.net\/integritetspolicy\/\">integritetspolicy<\/a> eller <a href=\"https:\/\/www.trece.se.webadmin7.net\/en\/cookie-policy\/\">cookie policy<\/a>.<\/p>\n<\/div><\/section><\/p><\/div><\/div><!--close column table wrapper. Autoclose: 1 -->\n\n","protected":false},"excerpt":{"rendered":"","protected":false},"author":2,"featured_media":0,"parent":0,"menu_order":0,"comment_status":"closed","ping_status":"closed","template":"","meta":{"_acf_changed":false,"footnotes":""},"class_list":["post-97120","page","type-page","status-publish","hentry"],"acf":[],"yoast_head":"<!-- This site is optimized with the Yoast SEO plugin v23.4 - https:\/\/yoast.com\/wordpress\/plugins\/seo\/ -->\n<title>GDPR - TreCe<\/title>\n<meta name=\"robots\" content=\"noindex, follow, max-snippet:-1, max-image-preview:large, max-video-preview:-1\" \/>\n<meta property=\"og:locale\" content=\"en_US\" \/>\n<meta property=\"og:type\" content=\"article\" \/>\n<meta property=\"og:title\" content=\"GDPR - TreCe\" \/>\n<meta property=\"og:url\" content=\"https:\/\/www.trece.se.webadmin7.net\/en\/gdpr\/\" \/>\n<meta property=\"og:site_name\" content=\"TreCe\" \/>\n<meta name=\"twitter:card\" content=\"summary_large_image\" \/>\n<meta name=\"twitter:label1\" content=\"Est. reading time\" \/>\n\t<meta name=\"twitter:data1\" content=\"17 minutes\" \/>\n<script type=\"application\/ld+json\" class=\"yoast-schema-graph\">{\"@context\":\"https:\/\/schema.org\",\"@graph\":[{\"@type\":\"WebPage\",\"@id\":\"https:\/\/www.trece.se.webadmin7.net\/en\/gdpr\/\",\"url\":\"https:\/\/www.trece.se.webadmin7.net\/en\/gdpr\/\",\"name\":\"GDPR - TreCe\",\"isPartOf\":{\"@id\":\"https:\/\/www.trece.se.webadmin7.net\/en\/#website\"},\"datePublished\":\"2024-05-24T09:10:05+00:00\",\"dateModified\":\"2024-05-24T09:10:05+00:00\",\"breadcrumb\":{\"@id\":\"https:\/\/www.trece.se.webadmin7.net\/en\/gdpr\/#breadcrumb\"},\"inLanguage\":\"en-US\",\"potentialAction\":[{\"@type\":\"ReadAction\",\"target\":[\"https:\/\/www.trece.se.webadmin7.net\/en\/gdpr\/\"]}]},{\"@type\":\"BreadcrumbList\",\"@id\":\"https:\/\/www.trece.se.webadmin7.net\/en\/gdpr\/#breadcrumb\",\"itemListElement\":[{\"@type\":\"ListItem\",\"position\":1,\"name\":\"Home\",\"item\":\"https:\/\/www.trece.se.webadmin7.net\/en\/\"},{\"@type\":\"ListItem\",\"position\":2,\"name\":\"GDPR\"}]},{\"@type\":\"WebSite\",\"@id\":\"https:\/\/www.trece.se.webadmin7.net\/en\/#website\",\"url\":\"https:\/\/www.trece.se.webadmin7.net\/en\/\",\"name\":\"TreCe\",\"description\":\"F\u00f6rvaringsl\u00f6sningar f\u00f6r f\u00f6retag &amp; organisationer\",\"potentialAction\":[{\"@type\":\"SearchAction\",\"target\":{\"@type\":\"EntryPoint\",\"urlTemplate\":\"https:\/\/www.trece.se.webadmin7.net\/en\/?s={search_term_string}\"},\"query-input\":{\"@type\":\"PropertyValueSpecification\",\"valueRequired\":true,\"valueName\":\"search_term_string\"}}],\"inLanguage\":\"en-US\"}]}<\/script>\n<!-- \/ Yoast SEO plugin. -->","yoast_head_json":{"title":"GDPR - TreCe","robots":{"index":"noindex","follow":"follow","max-snippet":"max-snippet:-1","max-image-preview":"max-image-preview:large","max-video-preview":"max-video-preview:-1"},"og_locale":"en_US","og_type":"article","og_title":"GDPR - TreCe","og_url":"https:\/\/www.trece.se.webadmin7.net\/en\/gdpr\/","og_site_name":"TreCe","twitter_card":"summary_large_image","twitter_misc":{"Est. reading time":"17 minutes"},"schema":{"@context":"https:\/\/schema.org","@graph":[{"@type":"WebPage","@id":"https:\/\/www.trece.se.webadmin7.net\/en\/gdpr\/","url":"https:\/\/www.trece.se.webadmin7.net\/en\/gdpr\/","name":"GDPR - TreCe","isPartOf":{"@id":"https:\/\/www.trece.se.webadmin7.net\/en\/#website"},"datePublished":"2024-05-24T09:10:05+00:00","dateModified":"2024-05-24T09:10:05+00:00","breadcrumb":{"@id":"https:\/\/www.trece.se.webadmin7.net\/en\/gdpr\/#breadcrumb"},"inLanguage":"en-US","potentialAction":[{"@type":"ReadAction","target":["https:\/\/www.trece.se.webadmin7.net\/en\/gdpr\/"]}]},{"@type":"BreadcrumbList","@id":"https:\/\/www.trece.se.webadmin7.net\/en\/gdpr\/#breadcrumb","itemListElement":[{"@type":"ListItem","position":1,"name":"Home","item":"https:\/\/www.trece.se.webadmin7.net\/en\/"},{"@type":"ListItem","position":2,"name":"GDPR"}]},{"@type":"WebSite","@id":"https:\/\/www.trece.se.webadmin7.net\/en\/#website","url":"https:\/\/www.trece.se.webadmin7.net\/en\/","name":"TreCe","description":"F\u00f6rvaringsl\u00f6sningar f\u00f6r f\u00f6retag &amp; organisationer","potentialAction":[{"@type":"SearchAction","target":{"@type":"EntryPoint","urlTemplate":"https:\/\/www.trece.se.webadmin7.net\/en\/?s={search_term_string}"},"query-input":{"@type":"PropertyValueSpecification","valueRequired":true,"valueName":"search_term_string"}}],"inLanguage":"en-US"}]}},"_links":{"self":[{"href":"https:\/\/www.trece.se.webadmin7.net\/en\/wp-json\/wp\/v2\/pages\/97120","targetHints":{"allow":["GET"]}}],"collection":[{"href":"https:\/\/www.trece.se.webadmin7.net\/en\/wp-json\/wp\/v2\/pages"}],"about":[{"href":"https:\/\/www.trece.se.webadmin7.net\/en\/wp-json\/wp\/v2\/types\/page"}],"author":[{"embeddable":true,"href":"https:\/\/www.trece.se.webadmin7.net\/en\/wp-json\/wp\/v2\/users\/2"}],"replies":[{"embeddable":true,"href":"https:\/\/www.trece.se.webadmin7.net\/en\/wp-json\/wp\/v2\/comments?post=97120"}],"version-history":[{"count":0,"href":"https:\/\/www.trece.se.webadmin7.net\/en\/wp-json\/wp\/v2\/pages\/97120\/revisions"}],"wp:attachment":[{"href":"https:\/\/www.trece.se.webadmin7.net\/en\/wp-json\/wp\/v2\/media?parent=97120"}],"curies":[{"name":"wp","href":"https:\/\/api.w.org\/{rel}","templated":true}]}}