{"id":97113,"date":"2024-05-24T07:33:56","date_gmt":"2024-05-24T07:33:56","guid":{"rendered":"https:\/\/gomostaging.com\/trece\/reklamation\/"},"modified":"2024-06-15T03:46:52","modified_gmt":"2024-06-15T03:46:52","slug":"claims","status":"publish","type":"page","link":"https:\/\/www.trece.se.webadmin7.net\/en\/claims\/","title":{"rendered":"Warranty &#038; claims"},"content":{"rendered":"\n<style type=\"text\/css\" data-created_by=\"avia_inline_auto\" id=\"style-css-av-lwkd71g3-97b382bd279245888f208a3fe218a72b\">\n.avia-section.av-lwkd71g3-97b382bd279245888f208a3fe218a72b{\nbackground-repeat:no-repeat;\nbackground-image:url(https:\/\/www.trece.se.webadmin7.net\/wp-content\/uploads\/2024\/04\/banner-1.webp);\nbackground-position:50% 50%;\nbackground-attachment:scroll;\n}\n<\/style>\n<div id='av_section_1'  class='avia-section av-lwkd71g3-97b382bd279245888f208a3fe218a72b main_color avia-section-default avia-no-border-styling  avia-builder-el-0  el_before_av_section  avia-builder-el-first  banner home-banner avia-full-stretch avia-bg-style-scroll av-minimum-height av-minimum-height-75 av-height-75  container_wrap fullsize'  data-section-bg-repeat='stretch' data-av_minimum_height_pc='75' data-av_min_height_opt='75'><div class='container av-section-cont-open' ><main  role=\"main\" itemprop=\"mainContentOfPage\"  class='template-page content  av-content-full alpha units'><div class='post-entry post-entry-type-page post-entry-97113'><div class='entry-content-wrapper clearfix'>\n<div class='flex_column_table av-1onle7-281edded009a7ebefc9e7b4f5528bc4a sc-av_two_third av-equal-height-column-flextable'><div  class='flex_column av-1onle7-281edded009a7ebefc9e7b4f5528bc4a av_two_third  avia-builder-el-1  el_before_av_one_third  avia-builder-el-first  first flex_column_table_cell av-equal-height-column av-align-middle  '     ><style type=\"text\/css\" data-created_by=\"avia_inline_auto\" id=\"style-css-av-lwkd6vaz-d5fc24bafc349d28b00e7c03c1575967\">\nbody .av-special-heading.av-lwkd6vaz-d5fc24bafc349d28b00e7c03c1575967 .av-special-heading-tag .heading-char{\nfont-size:25px;\n}\n.av-special-heading.av-lwkd6vaz-d5fc24bafc349d28b00e7c03c1575967 .av-subheading{\nfont-size:15px;\n}\n<\/style>\n<div  class='av-special-heading av-lwkd6vaz-d5fc24bafc349d28b00e7c03c1575967 av-special-heading-h1 blockquote modern-quote  avia-builder-el-2  avia-builder-el-no-sibling  white'><h1 class='av-special-heading-tag'  itemprop=\"headline\"  >Warranty <span class='special_amp'>&amp;<\/span> claims<\/h1><div class=\"special-heading-border\"><div class=\"special-heading-inner-border\"><\/div><\/div><\/div><\/div><div class='av-flex-placeholder'><\/div><div  class='flex_column av-1ij8iv-986e29294eaed1403e1885f27372447c av_one_third  avia-builder-el-3  el_after_av_two_third  avia-builder-el-last  flex_column_table_cell av-equal-height-column av-align-middle  '     ><\/div><\/div><!--close column table wrapper. Autoclose: 1 --><\/div><\/div><\/main><!-- close content main element --><\/div><\/div><div id='timeline'  class='avia-section av-1f90cn-2843f61899ec0f4403241baeab3f1d59 main_color avia-section-default avia-no-border-styling  avia-builder-el-4  el_after_av_section  el_before_av_section  avia-bg-style-scroll container_wrap fullsize'  ><div class='container av-section-cont-open' ><div class='template-page content  av-content-full alpha units'><div class='post-entry post-entry-type-page post-entry-97113'><div class='entry-content-wrapper clearfix'>\n<div class='flex_column_table av-19hdtb-a9c749e10bb07e802538d8007b4f1cb6 sc-av_one_full av-equal-height-column-flextable'>\n<style type=\"text\/css\" data-created_by=\"avia_inline_auto\" id=\"style-css-av-19hdtb-a9c749e10bb07e802538d8007b4f1cb6\">\n.flex_column.av-19hdtb-a9c749e10bb07e802538d8007b4f1cb6{\npadding:0px 0px 0px 0px;\n}\n<\/style>\n<div  class='flex_column av-19hdtb-a9c749e10bb07e802538d8007b4f1cb6 av_one_full  avia-builder-el-5  avia-builder-el-no-sibling  br16 first flex_column_table_cell av-equal-height-column av-align-top av-zero-column-padding  '     ><section  class='av_textblock_section av-lwkd7kd7-db88dbddf4bafea6e6f9476538447213 '   itemscope=\"itemscope\" itemtype=\"https:\/\/schema.org\/CreativeWork\" ><div class='avia_textblock'  itemprop=\"text\" ><p>In order for us to handle your complaint, you need to fill in our online <a href=\"#get-in-touch\">complaint form<\/a>.<\/p>\n<p>Once we have received the application, we will review the contents and decide whether or not to accept the complaint. If we need additional information, we will contact you.<\/p>\n<p>If you have purchased your product(s) through one of our retailers, please contact your retailer for further processing.<\/p>\n<p>Please note that goods may not be returned to TreCe AB without approval.<\/p>\n<p>Re-claimed goods\/returns must be clearly marked with the claim number obtained from TreCe AB.<\/p>\n<\/div><\/section><\/div><\/div><!--close column table wrapper. Autoclose: 1 --><\/div><\/div><\/div><!-- close content main div --><\/div><\/div>\n<style type=\"text\/css\" data-created_by=\"avia_inline_auto\" id=\"style-css-av-14dqpb-c84d30dd60eea0ae916059907f2b0240\">\n.avia-section.av-14dqpb-c84d30dd60eea0ae916059907f2b0240{\nbackground-color:#f5f5f5;\nbackground-image:unset;\n}\n<\/style>\n<div id='get-in-touch'  class='avia-section av-14dqpb-c84d30dd60eea0ae916059907f2b0240 main_color avia-section-default avia-no-border-styling  avia-builder-el-7  el_after_av_section  avia-builder-el-last  avia-bg-style-scroll container_wrap fullsize'  ><div class='container av-section-cont-open' ><div class='template-page content  av-content-full alpha units'><div class='post-entry post-entry-type-page post-entry-97113'><div class='entry-content-wrapper clearfix'>\n<div class='flex_column_table av-wz35z-fd0e9d4ac8ad67f1db20d63e6f0736b1 sc-av_one_fourth av-equal-height-column-flextable'>\n<style type=\"text\/css\" data-created_by=\"avia_inline_auto\" id=\"style-css-av-wz35z-fd0e9d4ac8ad67f1db20d63e6f0736b1\">\n.flex_column.av-wz35z-fd0e9d4ac8ad67f1db20d63e6f0736b1{\nwidth:13.75%;\nmargin-left:0;\n}\n#top .flex_column_table.av-equal-height-column-flextable.av-wz35z-fd0e9d4ac8ad67f1db20d63e6f0736b1 .av-flex-placeholder{\nwidth:15%;\n}\n<\/style>\n<div  class='flex_column av-wz35z-fd0e9d4ac8ad67f1db20d63e6f0736b1 av_one_fourth  avia-builder-el-8  el_before_av_three_fourth  avia-builder-el-first  contact-form-side-text first flex_column_table_cell av-equal-height-column av-align-top  '     ><section  class='av_textblock_section av-lwkd8ct1-84c18e149844be70a4ff600ccd556a05 '   itemscope=\"itemscope\" itemtype=\"https:\/\/schema.org\/CreativeWork\" ><div class='avia_textblock f-w-500 black'  itemprop=\"text\" ><p>Warranty &amp; claims<\/p>\n<\/div><\/section><\/div><div class='av-flex-placeholder'><\/div>\n<style type=\"text\/css\" data-created_by=\"avia_inline_auto\" id=\"style-css-av-thrlb-74fb35c7bdd530ee34635d72b529862f\">\n.flex_column.av-thrlb-74fb35c7bdd530ee34635d72b529862f{\nwidth:71.25%;\nmargin-left:0;\n}\n#top .flex_column_table.av-equal-height-column-flextable.av-thrlb-74fb35c7bdd530ee34635d72b529862f .av-flex-placeholder{\nwidth:15%;\n}\n<\/style>\n<div  class='flex_column av-thrlb-74fb35c7bdd530ee34635d72b529862f av_three_fourth  avia-builder-el-10  el_after_av_one_fourth  avia-builder-el-last  flex_column_table_cell av-equal-height-column av-align-top  '     ><p><section  class='av_textblock_section av-lwkdbjut-c617c84907b9849ff4eaddc2a03e0d34 '   itemscope=\"itemscope\" itemtype=\"https:\/\/schema.org\/CreativeWork\" ><div class='avia_textblock fs24 dark-grey f-w-500'  itemprop=\"text\" ><p>In order for us to handle your complaint, you need to fill in our online complaint form<\/p>\n<\/div><\/section><br \/>\n<\/p><\/div><\/div><!--close column table wrapper. Autoclose: 1 --><\/p>\n","protected":false},"excerpt":{"rendered":"","protected":false},"author":2,"featured_media":0,"parent":0,"menu_order":0,"comment_status":"closed","ping_status":"closed","template":"","meta":{"_acf_changed":false,"footnotes":""},"class_list":["post-97113","page","type-page","status-publish","hentry"],"acf":[],"yoast_head":"<!-- This site is optimized with the Yoast SEO plugin v23.4 - https:\/\/yoast.com\/wordpress\/plugins\/seo\/ -->\n<title>Warranty &amp; claims - TreCe<\/title>\n<meta name=\"robots\" content=\"noindex, follow, max-snippet:-1, max-image-preview:large, max-video-preview:-1\" \/>\n<meta property=\"og:locale\" content=\"en_US\" \/>\n<meta property=\"og:type\" content=\"article\" \/>\n<meta property=\"og:title\" content=\"Warranty &amp; claims - TreCe\" \/>\n<meta property=\"og:url\" content=\"https:\/\/www.trece.se.webadmin7.net\/en\/claims\/\" \/>\n<meta property=\"og:site_name\" content=\"TreCe\" \/>\n<meta property=\"article:modified_time\" content=\"2024-06-15T03:46:52+00:00\" \/>\n<meta name=\"twitter:card\" content=\"summary_large_image\" \/>\n<meta name=\"twitter:label1\" content=\"Est. reading time\" \/>\n\t<meta name=\"twitter:data1\" content=\"19 minutes\" \/>\n<script type=\"application\/ld+json\" class=\"yoast-schema-graph\">{\"@context\":\"https:\/\/schema.org\",\"@graph\":[{\"@type\":\"WebPage\",\"@id\":\"https:\/\/www.trece.se.webadmin7.net\/en\/claims\/\",\"url\":\"https:\/\/www.trece.se.webadmin7.net\/en\/claims\/\",\"name\":\"Warranty & claims - TreCe\",\"isPartOf\":{\"@id\":\"https:\/\/www.trece.se.webadmin7.net\/en\/#website\"},\"datePublished\":\"2024-05-24T07:33:56+00:00\",\"dateModified\":\"2024-06-15T03:46:52+00:00\",\"breadcrumb\":{\"@id\":\"https:\/\/www.trece.se.webadmin7.net\/en\/claims\/#breadcrumb\"},\"inLanguage\":\"en-US\",\"potentialAction\":[{\"@type\":\"ReadAction\",\"target\":[\"https:\/\/www.trece.se.webadmin7.net\/en\/claims\/\"]}]},{\"@type\":\"BreadcrumbList\",\"@id\":\"https:\/\/www.trece.se.webadmin7.net\/en\/claims\/#breadcrumb\",\"itemListElement\":[{\"@type\":\"ListItem\",\"position\":1,\"name\":\"Home\",\"item\":\"https:\/\/www.trece.se.webadmin7.net\/en\/\"},{\"@type\":\"ListItem\",\"position\":2,\"name\":\"Warranty &#038; claims\"}]},{\"@type\":\"WebSite\",\"@id\":\"https:\/\/www.trece.se.webadmin7.net\/en\/#website\",\"url\":\"https:\/\/www.trece.se.webadmin7.net\/en\/\",\"name\":\"TreCe\",\"description\":\"F\u00f6rvaringsl\u00f6sningar f\u00f6r f\u00f6retag &amp; organisationer\",\"potentialAction\":[{\"@type\":\"SearchAction\",\"target\":{\"@type\":\"EntryPoint\",\"urlTemplate\":\"https:\/\/www.trece.se.webadmin7.net\/en\/?s={search_term_string}\"},\"query-input\":{\"@type\":\"PropertyValueSpecification\",\"valueRequired\":true,\"valueName\":\"search_term_string\"}}],\"inLanguage\":\"en-US\"}]}<\/script>\n<!-- \/ Yoast SEO plugin. -->","yoast_head_json":{"title":"Warranty & claims - TreCe","robots":{"index":"noindex","follow":"follow","max-snippet":"max-snippet:-1","max-image-preview":"max-image-preview:large","max-video-preview":"max-video-preview:-1"},"og_locale":"en_US","og_type":"article","og_title":"Warranty & claims - TreCe","og_url":"https:\/\/www.trece.se.webadmin7.net\/en\/claims\/","og_site_name":"TreCe","article_modified_time":"2024-06-15T03:46:52+00:00","twitter_card":"summary_large_image","twitter_misc":{"Est. reading time":"19 minutes"},"schema":{"@context":"https:\/\/schema.org","@graph":[{"@type":"WebPage","@id":"https:\/\/www.trece.se.webadmin7.net\/en\/claims\/","url":"https:\/\/www.trece.se.webadmin7.net\/en\/claims\/","name":"Warranty & claims - TreCe","isPartOf":{"@id":"https:\/\/www.trece.se.webadmin7.net\/en\/#website"},"datePublished":"2024-05-24T07:33:56+00:00","dateModified":"2024-06-15T03:46:52+00:00","breadcrumb":{"@id":"https:\/\/www.trece.se.webadmin7.net\/en\/claims\/#breadcrumb"},"inLanguage":"en-US","potentialAction":[{"@type":"ReadAction","target":["https:\/\/www.trece.se.webadmin7.net\/en\/claims\/"]}]},{"@type":"BreadcrumbList","@id":"https:\/\/www.trece.se.webadmin7.net\/en\/claims\/#breadcrumb","itemListElement":[{"@type":"ListItem","position":1,"name":"Home","item":"https:\/\/www.trece.se.webadmin7.net\/en\/"},{"@type":"ListItem","position":2,"name":"Warranty &#038; claims"}]},{"@type":"WebSite","@id":"https:\/\/www.trece.se.webadmin7.net\/en\/#website","url":"https:\/\/www.trece.se.webadmin7.net\/en\/","name":"TreCe","description":"F\u00f6rvaringsl\u00f6sningar f\u00f6r f\u00f6retag &amp; organisationer","potentialAction":[{"@type":"SearchAction","target":{"@type":"EntryPoint","urlTemplate":"https:\/\/www.trece.se.webadmin7.net\/en\/?s={search_term_string}"},"query-input":{"@type":"PropertyValueSpecification","valueRequired":true,"valueName":"search_term_string"}}],"inLanguage":"en-US"}]}},"_links":{"self":[{"href":"https:\/\/www.trece.se.webadmin7.net\/en\/wp-json\/wp\/v2\/pages\/97113","targetHints":{"allow":["GET"]}}],"collection":[{"href":"https:\/\/www.trece.se.webadmin7.net\/en\/wp-json\/wp\/v2\/pages"}],"about":[{"href":"https:\/\/www.trece.se.webadmin7.net\/en\/wp-json\/wp\/v2\/types\/page"}],"author":[{"embeddable":true,"href":"https:\/\/www.trece.se.webadmin7.net\/en\/wp-json\/wp\/v2\/users\/2"}],"replies":[{"embeddable":true,"href":"https:\/\/www.trece.se.webadmin7.net\/en\/wp-json\/wp\/v2\/comments?post=97113"}],"version-history":[{"count":0,"href":"https:\/\/www.trece.se.webadmin7.net\/en\/wp-json\/wp\/v2\/pages\/97113\/revisions"}],"wp:attachment":[{"href":"https:\/\/www.trece.se.webadmin7.net\/en\/wp-json\/wp\/v2\/media?parent=97113"}],"curies":[{"name":"wp","href":"https:\/\/api.w.org\/{rel}","templated":true}]}}