{"id":97109,"date":"2024-05-24T07:25:23","date_gmt":"2024-05-24T07:25:23","guid":{"rendered":"https:\/\/gomostaging.com\/trece\/cookie-policy\/"},"modified":"2024-05-24T07:25:23","modified_gmt":"2024-05-24T07:25:23","slug":"cookie-policy","status":"publish","type":"page","link":"https:\/\/www.trece.se.webadmin7.net\/en\/cookie-policy\/","title":{"rendered":"Cookie Policy"},"content":{"rendered":"\n<style type=\"text\/css\" data-created_by=\"avia_inline_auto\" id=\"style-css-av-lwkcwg23-f2cca842a6ce3c69ac7757a7f67fb063\">\n.avia-section.av-lwkcwg23-f2cca842a6ce3c69ac7757a7f67fb063{\nbackground-repeat:no-repeat;\nbackground-image:url(https:\/\/www.trece.se.webadmin7.net\/wp-content\/uploads\/2024\/04\/banner-1.webp);\nbackground-position:50% 50%;\nbackground-attachment:scroll;\n}\n<\/style>\n<div id='av_section_1'  class='avia-section av-lwkcwg23-f2cca842a6ce3c69ac7757a7f67fb063 main_color avia-section-default avia-no-border-styling  avia-builder-el-0  el_before_av_section  avia-builder-el-first  banner home-banner avia-full-stretch avia-bg-style-scroll av-minimum-height av-minimum-height-75 av-height-75  container_wrap fullsize'  data-section-bg-repeat='stretch' data-av_minimum_height_pc='75' data-av_min_height_opt='75'><div class='container av-section-cont-open' ><main  role=\"main\" itemprop=\"mainContentOfPage\"  class='template-page content  av-content-full alpha units'><div class='post-entry post-entry-type-page post-entry-97109'><div class='entry-content-wrapper clearfix'>\n<div class='flex_column_table av-124575-b20cdf18c242a23b8b4201712f7cf017 sc-av_two_third av-equal-height-column-flextable'><div  class='flex_column av-124575-b20cdf18c242a23b8b4201712f7cf017 av_two_third  avia-builder-el-1  el_before_av_one_third  avia-builder-el-first  first flex_column_table_cell av-equal-height-column av-align-middle  '     ><p>\n<style type=\"text\/css\" data-created_by=\"avia_inline_auto\" id=\"style-css-av-lwkcvlyj-3821875c2dbfb9e11d4da0778d3dcbe5\">\nbody .av-special-heading.av-lwkcvlyj-3821875c2dbfb9e11d4da0778d3dcbe5 .av-special-heading-tag .heading-char{\nfont-size:25px;\n}\n.av-special-heading.av-lwkcvlyj-3821875c2dbfb9e11d4da0778d3dcbe5 .av-subheading{\nfont-size:15px;\n}\n<\/style>\n<div  class='av-special-heading av-lwkcvlyj-3821875c2dbfb9e11d4da0778d3dcbe5 av-special-heading-h1 blockquote modern-quote  avia-builder-el-2  el_before_av_textblock  avia-builder-el-first  white'><h1 class='av-special-heading-tag'  itemprop=\"headline\"  >Cookie Policy<\/h1><div class=\"special-heading-border\"><div class=\"special-heading-inner-border\"><\/div><\/div><\/div><br \/>\n<section  class='av_textblock_section av-lwkcw7q5-90e13e32112724e4fc855cc23b82b40a '   itemscope=\"itemscope\" itemtype=\"https:\/\/schema.org\/CreativeWork\" ><div class='avia_textblock white'  itemprop=\"text\" ><p>Den h\u00e4r cookiepolicyn f\u00f6rklarar vad cookies \u00e4r och hur vi anv\u00e4nder dem. Du b\u00f6r l\u00e4sa den h\u00e4r policyn f\u00f6r att f\u00f6rst\u00e5 vad cookies \u00e4r, hur vi anv\u00e4nder dem, vilka typer av cookies vi anv\u00e4nder, dvs. vilken information vi samlar in med hj\u00e4lp av cookies och hur den informationen anv\u00e4nds samt hur du kontrollerar cookieinst\u00e4llningarna. F\u00f6r ytterligare information om hur vi anv\u00e4nder, lagrar och skyddar dina personuppgifter, se v\u00e5r sekretesspolicy. Du kan n\u00e4r som helst \u00e4ndra eller \u00e5terkalla ditt samtycke fr\u00e5n cookief\u00f6rklaringen p\u00e5 v\u00e5r webbplats. L\u00e4s mer om vilka vi \u00e4r, hur du kan kontakta oss och hur vi behandlar personuppgifter i v\u00e5r integritetspolicy. Ditt samtycke g\u00e4ller f\u00f6ljande dom\u00e4ner: trece.se[user_consent_state]<\/p>\n<\/div><\/section><\/p><\/div><div class='av-flex-placeholder'><\/div><div  class='flex_column av-z6xe1-fdf2b830ca5f87740bb6036c1a6ba34f av_one_third  avia-builder-el-4  el_after_av_two_third  avia-builder-el-last  flex_column_table_cell av-equal-height-column av-align-middle  '     ><\/div><\/div><!--close column table wrapper. Autoclose: 1 -->\n\n<\/div><\/div><\/main><!-- close content main element --><\/div><\/div><div id='timeline'  class='avia-section av-psnx5-89ab349db48acc3202d5408d97704e2d main_color avia-section-default avia-no-border-styling  avia-builder-el-5  el_after_av_section  avia-builder-el-last  avia-bg-style-scroll container_wrap fullsize'  ><div class='container av-section-cont-open' ><div class='template-page content  av-content-full alpha units'><div class='post-entry post-entry-type-page post-entry-97109'><div class='entry-content-wrapper clearfix'>\n<div class='flex_column_table av-gry3t-594ef3443ba51bdcce7b736f2ffd3116 sc-av_one_full av-equal-height-column-flextable'>\n<style type=\"text\/css\" data-created_by=\"avia_inline_auto\" id=\"style-css-av-gry3t-594ef3443ba51bdcce7b736f2ffd3116\">\n.flex_column.av-gry3t-594ef3443ba51bdcce7b736f2ffd3116{\npadding:0px 0px 0px 0px;\n}\n<\/style>\n<div  class='flex_column av-gry3t-594ef3443ba51bdcce7b736f2ffd3116 av_one_full  avia-builder-el-6  avia-builder-el-no-sibling  br16 first flex_column_table_cell av-equal-height-column av-align-top av-zero-column-padding  '     ><p>\n<style type=\"text\/css\" data-created_by=\"avia_inline_auto\" id=\"style-css-av-lwkcxfz9-c1fc605312452dc3120602737c36cf92\">\nbody .av-special-heading.av-lwkcxfz9-c1fc605312452dc3120602737c36cf92 .av-special-heading-tag .heading-char{\nfont-size:25px;\n}\n.av-special-heading.av-lwkcxfz9-c1fc605312452dc3120602737c36cf92 .av-subheading{\nfont-size:15px;\n}\n<\/style>\n<div  class='av-special-heading av-lwkcxfz9-c1fc605312452dc3120602737c36cf92 av-special-heading-h5 blockquote modern-quote  avia-builder-el-7  el_before_av_textblock  avia-builder-el-first '><h5 class='av-special-heading-tag'  itemprop=\"headline\"  >Vad \u00e4r cookies?<\/h5><div class=\"special-heading-border\"><div class=\"special-heading-inner-border\"><\/div><\/div><\/div><br \/>\n<section  class='av_textblock_section av-avltd-08977952a4bdf9d83f07273c0f4c16c1 '   itemscope=\"itemscope\" itemtype=\"https:\/\/schema.org\/CreativeWork\" ><div class='avia_textblock'  itemprop=\"text\" ><p>Cookies \u00e4r sm\u00e5 textfiler som anv\u00e4nds f\u00f6r att lagra sm\u00e5 bitar av information. Cookies lagras p\u00e5 din enhet n\u00e4r webbplatsen laddas i din webbl\u00e4sare. Dessa cookies hj\u00e4lper oss att f\u00e5 webbplatsen att fungera korrekt, g\u00f6ra webbplatsen s\u00e4krare, ge en b\u00e4ttre anv\u00e4ndarupplevelse och f\u00f6rst\u00e5 hur webbplatsen fungerar och att analysera vad som fungerar och var den beh\u00f6ver f\u00f6rb\u00e4ttras.<\/p>\n<\/div><\/section><br \/>\n\n<style type=\"text\/css\" data-created_by=\"avia_inline_auto\" id=\"style-css-av-lwkcypqj-e8b90e7924addee192bcd0a6611387a7\">\nbody .av-special-heading.av-lwkcypqj-e8b90e7924addee192bcd0a6611387a7 .av-special-heading-tag .heading-char{\nfont-size:25px;\n}\n.av-special-heading.av-lwkcypqj-e8b90e7924addee192bcd0a6611387a7 .av-subheading{\nfont-size:15px;\n}\n<\/style>\n<div  class='av-special-heading av-lwkcypqj-e8b90e7924addee192bcd0a6611387a7 av-special-heading-h5 blockquote modern-quote  avia-builder-el-9  el_after_av_textblock  el_before_av_textblock '><h5 class='av-special-heading-tag'  itemprop=\"headline\"  >Hur anv\u00e4nder vi cookies?<\/h5><div class=\"special-heading-border\"><div class=\"special-heading-inner-border\"><\/div><\/div><\/div><br \/>\n<section  class='av_textblock_section av-lwkcyvql-a22c754721fdf29487217a3915edf727 '   itemscope=\"itemscope\" itemtype=\"https:\/\/schema.org\/CreativeWork\" ><div class='avia_textblock'  itemprop=\"text\" ><p>Som de flesta onlinetj\u00e4nster anv\u00e4nder v\u00e5r webbplats cookies f\u00f6rstaparts- och tredjepartscookies f\u00f6r ett antal \u00e4ndam\u00e5l. F\u00f6rstapartscookies \u00e4r mestadels n\u00f6dv\u00e4ndiga f\u00f6r att webbplatsen ska fungera p\u00e5 r\u00e4tt s\u00e4tt, och de samlar inte in n\u00e5gra av dina personligt identifierbara uppgifter. Tredjepartscookies som anv\u00e4nds p\u00e5 v\u00e5ra webbplatser anv\u00e4nds fr\u00e4mst f\u00f6r att f\u00f6rst\u00e5 hur webbplatsen fungerar, hur du interagerar med v\u00e5r webbplats, f\u00f6r att h\u00e5lla v\u00e5ra tj\u00e4nster s\u00e4kra, f\u00f6r att tillhandah\u00e5lla annonser som \u00e4r relevanta f\u00f6r dig och f\u00f6r att p\u00e5 det hela taget ge dig en b\u00e4ttre och f\u00f6rb\u00e4ttrad anv\u00e4ndarupplevelse och bidra till att p\u00e5skynda dina framtida interaktioner med v\u00e5r webbplats.<\/p>\n<\/div><\/section><br \/>\n\n<style type=\"text\/css\" data-created_by=\"avia_inline_auto\" id=\"style-css-av-lwkcz002-d9a45e9c8dc2fc135de8c406985ab4dc\">\nbody .av-special-heading.av-lwkcz002-d9a45e9c8dc2fc135de8c406985ab4dc .av-special-heading-tag .heading-char{\nfont-size:25px;\n}\n.av-special-heading.av-lwkcz002-d9a45e9c8dc2fc135de8c406985ab4dc .av-subheading{\nfont-size:15px;\n}\n<\/style>\n<div  class='av-special-heading av-lwkcz002-d9a45e9c8dc2fc135de8c406985ab4dc av-special-heading-h5 blockquote modern-quote  avia-builder-el-11  el_after_av_textblock  el_before_av_textblock '><h5 class='av-special-heading-tag'  itemprop=\"headline\"  >Vilken typ av cookies anv\u00e4nder vi?<\/h5><div class=\"special-heading-border\"><div class=\"special-heading-inner-border\"><\/div><\/div><\/div><br \/>\n<section  class='av_textblock_section av-lwkcz5h1-2c2c743134bd49863d2518e5c8c15c3f '   itemscope=\"itemscope\" itemtype=\"https:\/\/schema.org\/CreativeWork\" ><div class='avia_textblock'  itemprop=\"text\" ><p>De cookies som anv\u00e4nds p\u00e5 v\u00e5r webbplats \u00e4r grupperade i f\u00f6ljande kategorier.[cookie_category]Nedanst\u00e5ende lista inneh\u00e5ller detaljer om de cookies som anv\u00e4nds p\u00e5 v\u00e5r webbplats.[cookie_audit_category columns=\u201dcookie,description\u201d]<\/p>\n<\/div><\/section><br \/>\n\n<style type=\"text\/css\" data-created_by=\"avia_inline_auto\" id=\"style-css-av-lwkczc4i-707fc798ae4292964714c8e63ece5b75\">\nbody .av-special-heading.av-lwkczc4i-707fc798ae4292964714c8e63ece5b75 .av-special-heading-tag .heading-char{\nfont-size:25px;\n}\n.av-special-heading.av-lwkczc4i-707fc798ae4292964714c8e63ece5b75 .av-subheading{\nfont-size:15px;\n}\n<\/style>\n<div  class='av-special-heading av-lwkczc4i-707fc798ae4292964714c8e63ece5b75 av-special-heading-h5 blockquote modern-quote  avia-builder-el-13  el_after_av_textblock  el_before_av_textblock '><h5 class='av-special-heading-tag'  itemprop=\"headline\"  >Hur kan jag kontrollera inst\u00e4llningarna f\u00f6r cookies?<\/h5><div class=\"special-heading-border\"><div class=\"special-heading-inner-border\"><\/div><\/div><\/div><br \/>\n<section  class='av_textblock_section av-lwkczhxx-dde26e93e0a3346ae38815aed37378b0 '   itemscope=\"itemscope\" itemtype=\"https:\/\/schema.org\/CreativeWork\" ><div class='avia_textblock'  itemprop=\"text\" ><p>Du kan hantera dina cookiepreferenser genom att klicka p\u00e5 knappen \u201dInst\u00e4llningar\u201d och aktivera eller inaktivera cookiekategorierna i popup-f\u00f6nstret enligt dina preferenser. Om du best\u00e4mmer dig f\u00f6r att \u00e4ndra dina preferenser senare under din webbl\u00e4sarsession kan du klicka p\u00e5 fliken \u201dHantera samtycke\u201d p\u00e5 din sk\u00e4rm. D\u00e5 visas meddelandet om samtycke igen och du kan \u00e4ndra dina inst\u00e4llningar eller \u00e5terkalla ditt samtycke helt och h\u00e5llet. Dessutom erbjuder olika webbl\u00e4sare olika metoder f\u00f6r att blockera och radera cookies som anv\u00e4nds av webbplatser. Du kan \u00e4ndra inst\u00e4llningarna i din webbl\u00e4sare f\u00f6r att blockera\/ta bort cookies. Mer information om hur du hanterar och raderar cookies finns p\u00e5 wikipedia.org, www.allaboutcookies.org.<\/p>\n<\/div><\/section><\/p><\/div><\/div><!--close column table wrapper. Autoclose: 1 -->\n\n","protected":false},"excerpt":{"rendered":"","protected":false},"author":2,"featured_media":0,"parent":0,"menu_order":0,"comment_status":"closed","ping_status":"closed","template":"","meta":{"_acf_changed":false,"footnotes":""},"class_list":["post-97109","page","type-page","status-publish","hentry"],"acf":[],"yoast_head":"<!-- This site is optimized with the Yoast SEO plugin v23.4 - https:\/\/yoast.com\/wordpress\/plugins\/seo\/ -->\n<title>Cookie Policy - TreCe<\/title>\n<meta name=\"robots\" content=\"noindex, follow, max-snippet:-1, max-image-preview:large, max-video-preview:-1\" \/>\n<meta property=\"og:locale\" content=\"en_US\" \/>\n<meta property=\"og:type\" content=\"article\" \/>\n<meta property=\"og:title\" content=\"Cookie Policy - TreCe\" \/>\n<meta property=\"og:url\" content=\"https:\/\/www.trece.se.webadmin7.net\/en\/cookie-policy\/\" \/>\n<meta property=\"og:site_name\" content=\"TreCe\" \/>\n<meta name=\"twitter:card\" content=\"summary_large_image\" \/>\n<meta name=\"twitter:label1\" content=\"Est. reading time\" \/>\n\t<meta name=\"twitter:data1\" content=\"20 minutes\" \/>\n<script type=\"application\/ld+json\" class=\"yoast-schema-graph\">{\"@context\":\"https:\/\/schema.org\",\"@graph\":[{\"@type\":\"WebPage\",\"@id\":\"https:\/\/www.trece.se.webadmin7.net\/en\/cookie-policy\/\",\"url\":\"https:\/\/www.trece.se.webadmin7.net\/en\/cookie-policy\/\",\"name\":\"Cookie Policy - TreCe\",\"isPartOf\":{\"@id\":\"https:\/\/www.trece.se.webadmin7.net\/en\/#website\"},\"datePublished\":\"2024-05-24T07:25:23+00:00\",\"dateModified\":\"2024-05-24T07:25:23+00:00\",\"breadcrumb\":{\"@id\":\"https:\/\/www.trece.se.webadmin7.net\/en\/cookie-policy\/#breadcrumb\"},\"inLanguage\":\"en-US\",\"potentialAction\":[{\"@type\":\"ReadAction\",\"target\":[\"https:\/\/www.trece.se.webadmin7.net\/en\/cookie-policy\/\"]}]},{\"@type\":\"BreadcrumbList\",\"@id\":\"https:\/\/www.trece.se.webadmin7.net\/en\/cookie-policy\/#breadcrumb\",\"itemListElement\":[{\"@type\":\"ListItem\",\"position\":1,\"name\":\"Home\",\"item\":\"https:\/\/www.trece.se.webadmin7.net\/en\/\"},{\"@type\":\"ListItem\",\"position\":2,\"name\":\"Cookie Policy\"}]},{\"@type\":\"WebSite\",\"@id\":\"https:\/\/www.trece.se.webadmin7.net\/en\/#website\",\"url\":\"https:\/\/www.trece.se.webadmin7.net\/en\/\",\"name\":\"TreCe\",\"description\":\"F\u00f6rvaringsl\u00f6sningar f\u00f6r f\u00f6retag &amp; organisationer\",\"potentialAction\":[{\"@type\":\"SearchAction\",\"target\":{\"@type\":\"EntryPoint\",\"urlTemplate\":\"https:\/\/www.trece.se.webadmin7.net\/en\/?s={search_term_string}\"},\"query-input\":{\"@type\":\"PropertyValueSpecification\",\"valueRequired\":true,\"valueName\":\"search_term_string\"}}],\"inLanguage\":\"en-US\"}]}<\/script>\n<!-- \/ Yoast SEO plugin. -->","yoast_head_json":{"title":"Cookie Policy - TreCe","robots":{"index":"noindex","follow":"follow","max-snippet":"max-snippet:-1","max-image-preview":"max-image-preview:large","max-video-preview":"max-video-preview:-1"},"og_locale":"en_US","og_type":"article","og_title":"Cookie Policy - TreCe","og_url":"https:\/\/www.trece.se.webadmin7.net\/en\/cookie-policy\/","og_site_name":"TreCe","twitter_card":"summary_large_image","twitter_misc":{"Est. reading time":"20 minutes"},"schema":{"@context":"https:\/\/schema.org","@graph":[{"@type":"WebPage","@id":"https:\/\/www.trece.se.webadmin7.net\/en\/cookie-policy\/","url":"https:\/\/www.trece.se.webadmin7.net\/en\/cookie-policy\/","name":"Cookie Policy - TreCe","isPartOf":{"@id":"https:\/\/www.trece.se.webadmin7.net\/en\/#website"},"datePublished":"2024-05-24T07:25:23+00:00","dateModified":"2024-05-24T07:25:23+00:00","breadcrumb":{"@id":"https:\/\/www.trece.se.webadmin7.net\/en\/cookie-policy\/#breadcrumb"},"inLanguage":"en-US","potentialAction":[{"@type":"ReadAction","target":["https:\/\/www.trece.se.webadmin7.net\/en\/cookie-policy\/"]}]},{"@type":"BreadcrumbList","@id":"https:\/\/www.trece.se.webadmin7.net\/en\/cookie-policy\/#breadcrumb","itemListElement":[{"@type":"ListItem","position":1,"name":"Home","item":"https:\/\/www.trece.se.webadmin7.net\/en\/"},{"@type":"ListItem","position":2,"name":"Cookie Policy"}]},{"@type":"WebSite","@id":"https:\/\/www.trece.se.webadmin7.net\/en\/#website","url":"https:\/\/www.trece.se.webadmin7.net\/en\/","name":"TreCe","description":"F\u00f6rvaringsl\u00f6sningar f\u00f6r f\u00f6retag &amp; organisationer","potentialAction":[{"@type":"SearchAction","target":{"@type":"EntryPoint","urlTemplate":"https:\/\/www.trece.se.webadmin7.net\/en\/?s={search_term_string}"},"query-input":{"@type":"PropertyValueSpecification","valueRequired":true,"valueName":"search_term_string"}}],"inLanguage":"en-US"}]}},"_links":{"self":[{"href":"https:\/\/www.trece.se.webadmin7.net\/en\/wp-json\/wp\/v2\/pages\/97109","targetHints":{"allow":["GET"]}}],"collection":[{"href":"https:\/\/www.trece.se.webadmin7.net\/en\/wp-json\/wp\/v2\/pages"}],"about":[{"href":"https:\/\/www.trece.se.webadmin7.net\/en\/wp-json\/wp\/v2\/types\/page"}],"author":[{"embeddable":true,"href":"https:\/\/www.trece.se.webadmin7.net\/en\/wp-json\/wp\/v2\/users\/2"}],"replies":[{"embeddable":true,"href":"https:\/\/www.trece.se.webadmin7.net\/en\/wp-json\/wp\/v2\/comments?post=97109"}],"version-history":[{"count":0,"href":"https:\/\/www.trece.se.webadmin7.net\/en\/wp-json\/wp\/v2\/pages\/97109\/revisions"}],"wp:attachment":[{"href":"https:\/\/www.trece.se.webadmin7.net\/en\/wp-json\/wp\/v2\/media?parent=97109"}],"curies":[{"name":"wp","href":"https:\/\/api.w.org\/{rel}","templated":true}]}}