{"id":100374,"date":"2024-06-12T04:20:33","date_gmt":"2024-06-12T04:20:33","guid":{"rendered":"https:\/\/gomostaging.com\/trece\/resource-hub\/"},"modified":"2024-06-27T01:52:27","modified_gmt":"2024-06-27T01:52:27","slug":"news","status":"publish","type":"page","link":"https:\/\/www.trece.se.webadmin7.net\/en\/news\/","title":{"rendered":"News"},"content":{"rendered":"","protected":false},"excerpt":{"rendered":"<p>I snart 50 \u00e5r har TreCe levererat till olika typer av kontor och offentliga milj\u00f6er. Vi brukar s\u00e4ga att milj\u00f6 och h\u00e5llbarhet \u00e4r som en del av v\u00e5rt DNA. Lika viktigt \u00e4r det f\u00f6r oss med kvalitet. Vi viker inte en tum p\u00e5 n\u00e5got av dessa delar. Det har v\u00e5ra kunder uppt\u00e4ckt och v\u00e4ljer oss i stor utstr\u00e4ckning vid valet av f\u00f6rvaringsl\u00f6sningar och k\u00e4llsorteringsprodukter.<\/p>\n","protected":false},"author":2,"featured_media":97052,"parent":0,"menu_order":0,"comment_status":"closed","ping_status":"closed","template":"template-posts-listing.php","meta":{"_acf_changed":false,"footnotes":""},"class_list":["post-100374","page","type-page","status-publish","has-post-thumbnail","hentry"],"acf":[],"yoast_head":"<!-- This site is optimized with the Yoast SEO plugin v23.4 - https:\/\/yoast.com\/wordpress\/plugins\/seo\/ -->\n<title>News - TreCe<\/title>\n<meta name=\"robots\" content=\"noindex, follow, max-snippet:-1, max-image-preview:large, max-video-preview:-1\" \/>\n<meta property=\"og:locale\" content=\"en_US\" \/>\n<meta property=\"og:type\" content=\"article\" \/>\n<meta property=\"og:title\" content=\"News - TreCe\" \/>\n<meta property=\"og:description\" content=\"I snart 50 \u00e5r har TreCe levererat till olika typer av kontor och offentliga milj\u00f6er. Vi brukar s\u00e4ga att milj\u00f6 och h\u00e5llbarhet \u00e4r som en del av v\u00e5rt DNA. Lika viktigt \u00e4r det f\u00f6r oss med kvalitet. Vi viker inte en tum p\u00e5 n\u00e5got av dessa delar. Det har v\u00e5ra kunder uppt\u00e4ckt och v\u00e4ljer oss i stor utstr\u00e4ckning vid valet av f\u00f6rvaringsl\u00f6sningar och k\u00e4llsorteringsprodukter.\" \/>\n<meta property=\"og:url\" content=\"https:\/\/www.trece.se.webadmin7.net\/en\/news\/\" \/>\n<meta property=\"og:site_name\" content=\"TreCe\" \/>\n<meta property=\"article:modified_time\" content=\"2024-06-27T01:52:27+00:00\" \/>\n<meta property=\"og:image\" content=\"https:\/\/www.trece.se.webadmin7.net\/wp-content\/uploads\/2024\/06\/resource.webp\" \/>\n\t<meta property=\"og:image:width\" content=\"1200\" \/>\n\t<meta property=\"og:image:height\" content=\"800\" \/>\n\t<meta property=\"og:image:type\" content=\"image\/webp\" \/>\n<meta name=\"twitter:card\" content=\"summary_large_image\" \/>\n<script type=\"application\/ld+json\" class=\"yoast-schema-graph\">{\"@context\":\"https:\/\/schema.org\",\"@graph\":[{\"@type\":\"WebPage\",\"@id\":\"https:\/\/www.trece.se.webadmin7.net\/en\/news\/\",\"url\":\"https:\/\/www.trece.se.webadmin7.net\/en\/news\/\",\"name\":\"News - TreCe\",\"isPartOf\":{\"@id\":\"https:\/\/www.trece.se.webadmin7.net\/en\/#website\"},\"primaryImageOfPage\":{\"@id\":\"https:\/\/www.trece.se.webadmin7.net\/en\/news\/#primaryimage\"},\"image\":{\"@id\":\"https:\/\/www.trece.se.webadmin7.net\/en\/news\/#primaryimage\"},\"thumbnailUrl\":\"https:\/\/www.trece.se.webadmin7.net\/wp-content\/uploads\/2024\/06\/resource.webp\",\"datePublished\":\"2024-06-12T04:20:33+00:00\",\"dateModified\":\"2024-06-27T01:52:27+00:00\",\"breadcrumb\":{\"@id\":\"https:\/\/www.trece.se.webadmin7.net\/en\/news\/#breadcrumb\"},\"inLanguage\":\"en-US\",\"potentialAction\":[{\"@type\":\"ReadAction\",\"target\":[\"https:\/\/www.trece.se.webadmin7.net\/en\/news\/\"]}]},{\"@type\":\"ImageObject\",\"inLanguage\":\"en-US\",\"@id\":\"https:\/\/www.trece.se.webadmin7.net\/en\/news\/#primaryimage\",\"url\":\"https:\/\/www.trece.se.webadmin7.net\/wp-content\/uploads\/2024\/06\/resource.webp\",\"contentUrl\":\"https:\/\/www.trece.se.webadmin7.net\/wp-content\/uploads\/2024\/06\/resource.webp\",\"width\":1200,\"height\":800},{\"@type\":\"BreadcrumbList\",\"@id\":\"https:\/\/www.trece.se.webadmin7.net\/en\/news\/#breadcrumb\",\"itemListElement\":[{\"@type\":\"ListItem\",\"position\":1,\"name\":\"Home\",\"item\":\"https:\/\/www.trece.se.webadmin7.net\/en\/\"},{\"@type\":\"ListItem\",\"position\":2,\"name\":\"News\"}]},{\"@type\":\"WebSite\",\"@id\":\"https:\/\/www.trece.se.webadmin7.net\/en\/#website\",\"url\":\"https:\/\/www.trece.se.webadmin7.net\/en\/\",\"name\":\"TreCe\",\"description\":\"F\u00f6rvaringsl\u00f6sningar f\u00f6r f\u00f6retag &amp; organisationer\",\"potentialAction\":[{\"@type\":\"SearchAction\",\"target\":{\"@type\":\"EntryPoint\",\"urlTemplate\":\"https:\/\/www.trece.se.webadmin7.net\/en\/?s={search_term_string}\"},\"query-input\":{\"@type\":\"PropertyValueSpecification\",\"valueRequired\":true,\"valueName\":\"search_term_string\"}}],\"inLanguage\":\"en-US\"}]}<\/script>\n<!-- \/ Yoast SEO plugin. -->","yoast_head_json":{"title":"News - TreCe","robots":{"index":"noindex","follow":"follow","max-snippet":"max-snippet:-1","max-image-preview":"max-image-preview:large","max-video-preview":"max-video-preview:-1"},"og_locale":"en_US","og_type":"article","og_title":"News - TreCe","og_description":"I snart 50 \u00e5r har TreCe levererat till olika typer av kontor och offentliga milj\u00f6er. Vi brukar s\u00e4ga att milj\u00f6 och h\u00e5llbarhet \u00e4r som en del av v\u00e5rt DNA. Lika viktigt \u00e4r det f\u00f6r oss med kvalitet. Vi viker inte en tum p\u00e5 n\u00e5got av dessa delar. Det har v\u00e5ra kunder uppt\u00e4ckt och v\u00e4ljer oss i stor utstr\u00e4ckning vid valet av f\u00f6rvaringsl\u00f6sningar och k\u00e4llsorteringsprodukter.","og_url":"https:\/\/www.trece.se.webadmin7.net\/en\/news\/","og_site_name":"TreCe","article_modified_time":"2024-06-27T01:52:27+00:00","og_image":[{"width":1200,"height":800,"url":"https:\/\/www.trece.se.webadmin7.net\/wp-content\/uploads\/2024\/06\/resource.webp","type":"image\/webp"}],"twitter_card":"summary_large_image","schema":{"@context":"https:\/\/schema.org","@graph":[{"@type":"WebPage","@id":"https:\/\/www.trece.se.webadmin7.net\/en\/news\/","url":"https:\/\/www.trece.se.webadmin7.net\/en\/news\/","name":"News - TreCe","isPartOf":{"@id":"https:\/\/www.trece.se.webadmin7.net\/en\/#website"},"primaryImageOfPage":{"@id":"https:\/\/www.trece.se.webadmin7.net\/en\/news\/#primaryimage"},"image":{"@id":"https:\/\/www.trece.se.webadmin7.net\/en\/news\/#primaryimage"},"thumbnailUrl":"https:\/\/www.trece.se.webadmin7.net\/wp-content\/uploads\/2024\/06\/resource.webp","datePublished":"2024-06-12T04:20:33+00:00","dateModified":"2024-06-27T01:52:27+00:00","breadcrumb":{"@id":"https:\/\/www.trece.se.webadmin7.net\/en\/news\/#breadcrumb"},"inLanguage":"en-US","potentialAction":[{"@type":"ReadAction","target":["https:\/\/www.trece.se.webadmin7.net\/en\/news\/"]}]},{"@type":"ImageObject","inLanguage":"en-US","@id":"https:\/\/www.trece.se.webadmin7.net\/en\/news\/#primaryimage","url":"https:\/\/www.trece.se.webadmin7.net\/wp-content\/uploads\/2024\/06\/resource.webp","contentUrl":"https:\/\/www.trece.se.webadmin7.net\/wp-content\/uploads\/2024\/06\/resource.webp","width":1200,"height":800},{"@type":"BreadcrumbList","@id":"https:\/\/www.trece.se.webadmin7.net\/en\/news\/#breadcrumb","itemListElement":[{"@type":"ListItem","position":1,"name":"Home","item":"https:\/\/www.trece.se.webadmin7.net\/en\/"},{"@type":"ListItem","position":2,"name":"News"}]},{"@type":"WebSite","@id":"https:\/\/www.trece.se.webadmin7.net\/en\/#website","url":"https:\/\/www.trece.se.webadmin7.net\/en\/","name":"TreCe","description":"F\u00f6rvaringsl\u00f6sningar f\u00f6r f\u00f6retag &amp; organisationer","potentialAction":[{"@type":"SearchAction","target":{"@type":"EntryPoint","urlTemplate":"https:\/\/www.trece.se.webadmin7.net\/en\/?s={search_term_string}"},"query-input":{"@type":"PropertyValueSpecification","valueRequired":true,"valueName":"search_term_string"}}],"inLanguage":"en-US"}]}},"_links":{"self":[{"href":"https:\/\/www.trece.se.webadmin7.net\/en\/wp-json\/wp\/v2\/pages\/100374","targetHints":{"allow":["GET"]}}],"collection":[{"href":"https:\/\/www.trece.se.webadmin7.net\/en\/wp-json\/wp\/v2\/pages"}],"about":[{"href":"https:\/\/www.trece.se.webadmin7.net\/en\/wp-json\/wp\/v2\/types\/page"}],"author":[{"embeddable":true,"href":"https:\/\/www.trece.se.webadmin7.net\/en\/wp-json\/wp\/v2\/users\/2"}],"replies":[{"embeddable":true,"href":"https:\/\/www.trece.se.webadmin7.net\/en\/wp-json\/wp\/v2\/comments?post=100374"}],"version-history":[{"count":0,"href":"https:\/\/www.trece.se.webadmin7.net\/en\/wp-json\/wp\/v2\/pages\/100374\/revisions"}],"wp:featuredmedia":[{"embeddable":true,"href":"https:\/\/www.trece.se.webadmin7.net\/en\/wp-json\/wp\/v2\/media\/97052"}],"wp:attachment":[{"href":"https:\/\/www.trece.se.webadmin7.net\/en\/wp-json\/wp\/v2\/media?parent=100374"}],"curies":[{"name":"wp","href":"https:\/\/api.w.org\/{rel}","templated":true}]}}